{"id":1070,"date":"2013-04-04T22:19:39","date_gmt":"2013-04-04T22:19:39","guid":{"rendered":"http:\/\/www.kriesi.at\/themes\/enfold\/?page_id=1070"},"modified":"2025-02-20T15:22:51","modified_gmt":"2025-02-20T15:22:51","slug":"landing","status":"publish","type":"page","link":"https:\/\/sunnyhillsnursery.rw\/fr\/","title":{"rendered":"Accueil"},"content":{"rendered":"<\/div><\/div><\/div><!-- close content main div --><\/div><\/div><div id='av_section_1' class='avia-section main_color avia-section-default avia-no-border-styling avia-bg-style-scroll   av-minimum-height av-minimum-height-75 container_wrap sidebar_right' style = 'background-repeat: no-repeat; background-image: url(https:\/\/sunnyhillsnursery.rw\/wp-content\/uploads\/2024\/04\/2-2.jpg);background-attachment: scroll; background-position: top right; ' data-section-bg-repeat='no-repeat' ><div class='av-section-color-overlay-wrap'><a href='#next-section' title='' class='scroll-down-link'  aria-hidden='true' data-av_icon='\ue877' data-av_iconfont='entypo-fontello'><\/a><div class='container' ><div class='template-page content  av-content-small alpha units'><div class='post-entry post-entry-type-page post-entry-1070'><div class='entry-content-wrapper clearfix'>\n<div  data-size='no scaling'  data-lightbox_size='large'  data-animation='fade'  data-conditional_play=''  data-ids='3782,3705,3763,3749,3750,3751,3752,3753,3348,3754,3755,3756,3757,3758,3759,3760,3761,3762,3764,3765,3766,3767,3768,3445,3769,3770,3771,3772,3773,3774,3775,3776,3777,3778,3779,3780,3781'  data-video_counter='0'  data-autoplay='true'  data-bg_slider='false'  data-slide_height=''  data-handle='av_slideshow'  data-interval='8'  data-class=' '  data-css_id=''  data-scroll_down=''  data-control_layout='av-control-minimal av-control-minimal-dark'  data-custom_markup=''  data-perma_caption='aviaTBperma_caption'  data-autoplay_stopper=''  data-image_attachment=''  data-min_height='0px'  class='avia-slideshow avia-slideshow-1  av-control-minimal av-control-minimal-dark av-default-height-applied avia-slideshow-no scaling av_slideshow   avia-fade-slider'  itemprop=\"ImageObject\" itemscope=\"itemscope\" itemtype=\"https:\/\/schema.org\/ImageObject\" ><ul class='avia-slideshow-inner' style='padding-bottom: 56.25%;' ><li  class='slide-1' ><div data-rel='slideshow-1' class='avia-slide-wrap'   ><img src='https:\/\/sunnyhillsnursery.rw\/wp-content\/uploads\/2025\/02\/34.jpg' width='1920' height='1080' title='34' alt=''  itemprop=\"thumbnailUrl\"   \/><\/div><\/li><li  class='slide-2' ><div data-rel='slideshow-1' class='avia-slide-wrap'   ><img src='https:\/\/sunnyhillsnursery.rw\/wp-content\/uploads\/2025\/02\/15.jpg' width='1920' height='1080' title='15' alt=''  itemprop=\"thumbnailUrl\"   \/><\/div><\/li><li  class='slide-3' ><div data-rel='slideshow-1' class='avia-slide-wrap'   ><img src='https:\/\/sunnyhillsnursery.rw\/wp-content\/uploads\/2025\/02\/1.jpg' width='1920' height='1080' title='1' alt=''  itemprop=\"thumbnailUrl\"   \/><\/div><\/li><li  class='slide-4' ><div data-rel='slideshow-1' class='avia-slide-wrap'   ><img src='https:\/\/sunnyhillsnursery.rw\/wp-content\/uploads\/2025\/02\/2.jpg' width='1920' height='1080' title='2' alt=''  itemprop=\"thumbnailUrl\"   \/><\/div><\/li><li  class='slide-5' ><div data-rel='slideshow-1' class='avia-slide-wrap'   ><img src='https:\/\/sunnyhillsnursery.rw\/wp-content\/uploads\/2025\/02\/3.jpg' width='1920' height='1080' title='3' alt=''  itemprop=\"thumbnailUrl\"   \/><\/div><\/li><li  class='slide-6' ><div data-rel='slideshow-1' class='avia-slide-wrap'   ><img src='https:\/\/sunnyhillsnursery.rw\/wp-content\/uploads\/2025\/02\/4.jpg' width='1920' height='1080' title='4' alt=''  itemprop=\"thumbnailUrl\"   \/><\/div><\/li><li  class='slide-7' ><div data-rel='slideshow-1' class='avia-slide-wrap'   ><img src='https:\/\/sunnyhillsnursery.rw\/wp-content\/uploads\/2025\/02\/5.jpg' width='1920' height='1080' title='5' alt=''  itemprop=\"thumbnailUrl\"   \/><\/div><\/li><li  class='slide-8' ><div data-rel='slideshow-1' class='avia-slide-wrap'   ><img src='https:\/\/sunnyhillsnursery.rw\/wp-content\/uploads\/2024\/04\/2.jpg' width='1920' height='1080' title='2' alt=''  itemprop=\"thumbnailUrl\"   \/><\/div><\/li><li  class='slide-9' ><div data-rel='slideshow-1' class='avia-slide-wrap'   ><img src='https:\/\/sunnyhillsnursery.rw\/wp-content\/uploads\/2025\/02\/6.jpg' width='1920' height='1080' title='6' alt=''  itemprop=\"thumbnailUrl\"   \/><\/div><\/li><li  class='slide-10' ><div data-rel='slideshow-1' class='avia-slide-wrap'   ><img src='https:\/\/sunnyhillsnursery.rw\/wp-content\/uploads\/2025\/02\/7.jpg' width='1920' height='1080' title='7' alt=''  itemprop=\"thumbnailUrl\"   \/><\/div><\/li><li  class='slide-11' ><div data-rel='slideshow-1' class='avia-slide-wrap'   ><img src='https:\/\/sunnyhillsnursery.rw\/wp-content\/uploads\/2025\/02\/8.jpg' width='1920' height='1080' title='8' alt=''  itemprop=\"thumbnailUrl\"   \/><\/div><\/li><li  class='slide-12' ><div data-rel='slideshow-1' class='avia-slide-wrap'   ><img src='https:\/\/sunnyhillsnursery.rw\/wp-content\/uploads\/2025\/02\/9.jpg' width='1920' height='1080' title='9' alt=''  itemprop=\"thumbnailUrl\"   \/><\/div><\/li><li  class='slide-13' ><div data-rel='slideshow-1' class='avia-slide-wrap'   ><img src='https:\/\/sunnyhillsnursery.rw\/wp-content\/uploads\/2025\/02\/10.jpg' width='1920' height='1080' title='10' alt=''  itemprop=\"thumbnailUrl\"   \/><\/div><\/li><li  class='slide-14' ><div data-rel='slideshow-1' class='avia-slide-wrap'   ><img src='https:\/\/sunnyhillsnursery.rw\/wp-content\/uploads\/2025\/02\/11.jpg' width='1920' height='1080' title='11' alt=''  itemprop=\"thumbnailUrl\"   \/><\/div><\/li><li  class='slide-15' ><div data-rel='slideshow-1' class='avia-slide-wrap'   ><img src='https:\/\/sunnyhillsnursery.rw\/wp-content\/uploads\/2025\/02\/12.jpg' width='1920' height='1080' title='12' alt=''  itemprop=\"thumbnailUrl\"   \/><\/div><\/li><li  class='slide-16' ><div data-rel='slideshow-1' class='avia-slide-wrap'   ><img src='https:\/\/sunnyhillsnursery.rw\/wp-content\/uploads\/2025\/02\/14.jpg' width='1920' height='1080' title='14' alt=''  itemprop=\"thumbnailUrl\"   \/><\/div><\/li><li  class='slide-17' ><div data-rel='slideshow-1' class='avia-slide-wrap'   ><img src='https:\/\/sunnyhillsnursery.rw\/wp-content\/uploads\/2025\/02\/16.jpg' width='1920' height='1080' title='16' alt=''  itemprop=\"thumbnailUrl\"   \/><\/div><\/li><li  class='slide-18' ><div data-rel='slideshow-1' class='avia-slide-wrap'   ><img src='https:\/\/sunnyhillsnursery.rw\/wp-content\/uploads\/2025\/02\/17.jpg' width='1920' height='1080' title='17' alt=''  itemprop=\"thumbnailUrl\"   \/><\/div><\/li><li  class='slide-19' ><div data-rel='slideshow-1' class='avia-slide-wrap'   ><img src='https:\/\/sunnyhillsnursery.rw\/wp-content\/uploads\/2025\/02\/18.jpg' width='1920' height='1080' title='18' alt=''  itemprop=\"thumbnailUrl\"   \/><\/div><\/li><li  class='slide-20' ><div data-rel='slideshow-1' class='avia-slide-wrap'   ><img src='https:\/\/sunnyhillsnursery.rw\/wp-content\/uploads\/2025\/02\/19.jpg' width='1920' height='1080' title='19' alt=''  itemprop=\"thumbnailUrl\"   \/><\/div><\/li><li  class='slide-21' ><div data-rel='slideshow-1' class='avia-slide-wrap'   ><img src='https:\/\/sunnyhillsnursery.rw\/wp-content\/uploads\/2025\/02\/20.jpg' width='1920' height='1080' title='20' alt=''  itemprop=\"thumbnailUrl\"   \/><\/div><\/li><li  class='slide-22' ><div data-rel='slideshow-1' class='avia-slide-wrap'   ><img src='https:\/\/sunnyhillsnursery.rw\/wp-content\/uploads\/2024\/04\/5-1.jpg' width='1920' height='1080' title='5' alt=''  itemprop=\"thumbnailUrl\"   \/><\/div><\/li><li  class='slide-23' ><div data-rel='slideshow-1' class='avia-slide-wrap'   ><img src='https:\/\/sunnyhillsnursery.rw\/wp-content\/uploads\/2025\/02\/21.jpg' width='1920' height='1080' title='21' alt=''  itemprop=\"thumbnailUrl\"   \/><\/div><\/li><li  class='slide-24' ><div data-rel='slideshow-1' class='avia-slide-wrap'   ><img src='https:\/\/sunnyhillsnursery.rw\/wp-content\/uploads\/2025\/02\/22.jpg' width='1920' height='1080' title='22' alt=''  itemprop=\"thumbnailUrl\"   \/><\/div><\/li><li  class='slide-25' ><div data-rel='slideshow-1' class='avia-slide-wrap'   ><img src='https:\/\/sunnyhillsnursery.rw\/wp-content\/uploads\/2025\/02\/23.jpg' width='1920' height='1080' title='23' alt=''  itemprop=\"thumbnailUrl\"   \/><\/div><\/li><li  class='slide-26' ><div data-rel='slideshow-1' class='avia-slide-wrap'   ><img src='https:\/\/sunnyhillsnursery.rw\/wp-content\/uploads\/2025\/02\/24.jpg' width='1920' height='1080' title='24' alt=''  itemprop=\"thumbnailUrl\"   \/><\/div><\/li><li  class='slide-27' ><div data-rel='slideshow-1' class='avia-slide-wrap'   ><img src='https:\/\/sunnyhillsnursery.rw\/wp-content\/uploads\/2025\/02\/25.jpg' width='1920' height='1080' title='25' alt=''  itemprop=\"thumbnailUrl\"   \/><\/div><\/li><li  class='slide-28' ><div data-rel='slideshow-1' class='avia-slide-wrap'   ><img src='https:\/\/sunnyhillsnursery.rw\/wp-content\/uploads\/2025\/02\/26.jpg' width='1920' height='1080' title='26' alt=''  itemprop=\"thumbnailUrl\"   \/><\/div><\/li><li  class='slide-29' ><div data-rel='slideshow-1' class='avia-slide-wrap'   ><img src='https:\/\/sunnyhillsnursery.rw\/wp-content\/uploads\/2025\/02\/27.jpg' width='1920' height='1080' title='27' alt=''  itemprop=\"thumbnailUrl\"   \/><\/div><\/li><li  class='slide-30' ><div data-rel='slideshow-1' class='avia-slide-wrap'   ><img src='https:\/\/sunnyhillsnursery.rw\/wp-content\/uploads\/2025\/02\/28.jpg' width='1920' height='1080' title='28' alt=''  itemprop=\"thumbnailUrl\"   \/><\/div><\/li><li  class='slide-31' ><div data-rel='slideshow-1' class='avia-slide-wrap'   ><img src='https:\/\/sunnyhillsnursery.rw\/wp-content\/uploads\/2025\/02\/29.jpg' width='1920' height='1080' title='29' alt=''  itemprop=\"thumbnailUrl\"   \/><\/div><\/li><li  class='slide-32' ><div data-rel='slideshow-1' class='avia-slide-wrap'   ><img src='https:\/\/sunnyhillsnursery.rw\/wp-content\/uploads\/2025\/02\/30.jpg' width='1920' height='1080' title='30' alt=''  itemprop=\"thumbnailUrl\"   \/><\/div><\/li><li  class='slide-33' ><div data-rel='slideshow-1' class='avia-slide-wrap'   ><img src='https:\/\/sunnyhillsnursery.rw\/wp-content\/uploads\/2025\/02\/31.jpg' width='1920' height='1080' title='31' alt=''  itemprop=\"thumbnailUrl\"   \/><\/div><\/li><li  class='slide-34' ><div data-rel='slideshow-1' class='avia-slide-wrap'   ><img src='https:\/\/sunnyhillsnursery.rw\/wp-content\/uploads\/2025\/02\/32.jpg' width='1920' height='1080' title='32' alt=''  itemprop=\"thumbnailUrl\"   \/><\/div><\/li><li  class='slide-35' ><div data-rel='slideshow-1' class='avia-slide-wrap'   ><img src='https:\/\/sunnyhillsnursery.rw\/wp-content\/uploads\/2025\/02\/33.jpg' width='1920' height='1080' title='33' alt=''  itemprop=\"thumbnailUrl\"   \/><\/div><\/li><\/ul><div class='avia-slideshow-arrows avia-slideshow-controls'><a href='#prev' class='prev-slide' aria-hidden='true' data-av_icon='\ue87c' data-av_iconfont='entypo-fontello'>Pr\u00e9c\u00e9dent<\/a><a href='#next' class='next-slide' aria-hidden='true' data-av_icon='\ue87d' data-av_iconfont='entypo-fontello'>Suivant<\/a><\/div><div class='avia-slideshow-dots avia-slideshow-controls'><a href='#1' class='goto-slide active' >1<\/a><a href='#2' class='goto-slide' >2<\/a><a href='#3' class='goto-slide' >3<\/a><a href='#4' class='goto-slide' >4<\/a><a href='#5' class='goto-slide' >5<\/a><a href='#6' class='goto-slide' >6<\/a><a href='#7' class='goto-slide' >7<\/a><a href='#8' class='goto-slide' >8<\/a><a href='#9' class='goto-slide' >9<\/a><a href='#10' class='goto-slide' >10<\/a><a href='#11' class='goto-slide' >11<\/a><a href='#12' class='goto-slide' >12<\/a><a href='#13' class='goto-slide' >13<\/a><a href='#14' class='goto-slide' >14<\/a><a href='#15' class='goto-slide' >15<\/a><a href='#16' class='goto-slide' >16<\/a><a href='#17' class='goto-slide' >17<\/a><a href='#18' class='goto-slide' >18<\/a><a href='#19' class='goto-slide' >19<\/a><a href='#20' class='goto-slide' >20<\/a><a href='#21' class='goto-slide' >21<\/a><a href='#22' class='goto-slide' >22<\/a><a href='#23' class='goto-slide' >23<\/a><a href='#24' class='goto-slide' >24<\/a><a href='#25' class='goto-slide' >25<\/a><a href='#26' class='goto-slide' >26<\/a><a href='#27' class='goto-slide' >27<\/a><a href='#28' class='goto-slide' >28<\/a><a href='#29' class='goto-slide' >29<\/a><a href='#30' class='goto-slide' >30<\/a><a href='#31' class='goto-slide' >31<\/a><a href='#32' class='goto-slide' >32<\/a><a href='#33' class='goto-slide' >33<\/a><a href='#34' class='goto-slide' >34<\/a><a href='#35' class='goto-slide' >35<\/a><\/div><\/div>\n<\/div><\/div><\/div><!-- close content main div --><\/div><\/div><\/div><div id='after_section_1' class='main_color av_default_container_wrap container_wrap sidebar_right'   ><div class='container' ><div class='template-page content  av-content-small alpha units'><div class='post-entry post-entry-type-page post-entry-1070'><div class='entry-content-wrapper clearfix'>\n<div style='padding-bottom:0px; color:#000000;' class='av-special-heading av-special-heading-h2 custom-color-heading blockquote modern-quote'><h2 class='av-special-heading-tag'  itemprop=\"headline\"  >Bienvenue \u00e0 Sunny Hills Daycare <span class='special_amp'>&amp;<\/span> Nursery <\/h2><div class ='av-subheading av-subheading_below av_custom_color' style='font-size:16px;'><p>We are an <strong>international school<\/strong> offering a nurturing and stimulating environment for children to learn, grow, and play. Our programs are offered in both <strong>French and English<\/strong>, ensuring a well-rounded education for your little one.<\/p>\n<\/div><div class='special-heading-border'><div class='special-heading-inner-border' style='border-color:#000000'><\/div><\/div><\/div>\n<\/div><\/div><\/div><!-- close content main div --><\/div><\/div><div id='av_section_2' class='avia-section alternate_color avia-section-large avia-no-shadow av-parallax-section avia-bg-style-parallax   container_wrap sidebar_right'  data-section-bg-repeat='no-repeat' ><div class='av-parallax' data-avia-parallax-ratio='0.3' ><div class='av-parallax-inner alternate_color  avia-full-stretch' style = 'background-repeat: no-repeat; background-image: url(https:\/\/sunnyhillsnursery.rw\/wp-content\/uploads\/2025\/02\/25-300x169.jpg);background-attachment: scroll; background-position: center center; ' ><\/div><\/div><div class='container' ><div class='template-page content  av-content-small alpha units'><div class='post-entry post-entry-type-page post-entry-1070'><div class='entry-content-wrapper clearfix'>\n<div class=\"flex_column av_one_full  flex_column_div av-zero-column-padding first\" style='border-radius:0px; '><section class=\"av_textblock_section\"  itemscope=\"itemscope\" itemtype=\"https:\/\/schema.org\/CreativeWork\" ><div class='avia_textblock  av_inherit_color'  style='font-size:16px; color:#9e0931; '  itemprop=\"text\" ><h3>Nous proposons une vari\u00e9t\u00e9 de programmes adapt\u00e9s aux besoins individuels de votre enfant, et nos facilit\u00e9s \u00e9ducatives sont con\u00e7ues pour mettre en place un espace s\u00fbr et stimulant \u00e0 l'apprentissage et \u00e0 l'exploration.<\/h3>\n<\/div><\/section><\/div><div class=\"flex_column av_one_full  flex_column_div av-zero-column-padding first\" style='border-radius:0px; '><p>\t<div style='background:#002a87;color:#ffffff;' class='av_promobox  avia-button-yes'>\t\t<div class='avia-promocontent'><p>\n\u00c0 Sunny Hills, votre enfant pourra:<\/p>\n<ul data-sourcepos=\"9:1-13:0\">\n<li data-sourcepos=\"9:1-9:62\">Explorer et d\u00e9couvrir gr\u00e2ce aux activit\u00e9s d'apprentissage par le jeu.<\/li>\n<li data-sourcepos=\"10:1-10:82\">D\u00e9velopper des aptitudes sociales en interagissant avec ses pairs dans un cadre s\u00fbr et inclusif.<\/li>\n<li data-sourcepos=\"11:1-11:69\">Cultiver un amour pour l'apprentissage en fran\u00e7ais et en anglais.<\/li>\n<li data-sourcepos=\"12:1-13:0\">Sera encadr\u00e9 par notre personnel attentionn\u00e9 et exp\u00e9riment\u00e9.<\/li>\n<\/ul>\n<p>\n<\/div><div class='avia-button-wrap avia-button-right'><a href='https:\/\/sunnyhillsnursery.rw\/fr\/programs\/'  class='avia-button   avia-icon_select-yes-left-icon avia-color-custom avia-size-large avia-position-right'  style='background-color:#daf720; border-color:#daf720; color:#000000; ' ><span class='avia_button_icon avia_button_icon_left' aria-hidden='true' data-av_icon='\ue81f' data-av_iconfont='entypo-fontello'><\/span><span class='avia_iconbox_title' >EN SAVOIR PLUS<\/span><\/a><\/div>\t<\/div><br \/>\n\t<div style='background:#002600;color:#ffffff;' class='av_promobox  avia-button-yes'>\t\t<div class='avia-promocontent'><p>\nS U N N Y\u00a0 H I L LS\u00a0 D A Y C A R E\u00a0 &amp;\u00a0 N U R S E R Y\u00a0 FOOD MENU<\/p>\n<\/div><div class='avia-button-wrap avia-button-right'><a href='https:\/\/sunnyhillsnursery.rw\/wp-content\/uploads\/2024\/09\/SUNNY-HILLS-School-Menu.pdf'  class='avia-button   avia-icon_select-yes-left-icon avia-color-custom avia-size-large avia-position-right'  target=\"_blank\"  style='background-color:#efb645; border-color:#efb645; color:#ffffff; ' ><span class='avia_button_icon avia_button_icon_left' aria-hidden='true' data-av_icon='\ue81f' data-av_iconfont='entypo-fontello'><\/span><span class='avia_iconbox_title' >FOOD MENU<\/span><\/a><\/div>\t<\/div><\/p><\/div>\n<\/div><\/div><\/div><!-- close content main div --><\/div><\/div><div id='after_section_2' class='main_color av_default_container_wrap container_wrap sidebar_right'   ><div class='container' ><div class='template-page content  av-content-small alpha units'><div class='post-entry post-entry-type-page post-entry-1070'><div class='entry-content-wrapper clearfix'>","protected":false},"excerpt":{"rendered":"<p>This is a Page excerpt. It will be displayed for search results<\/p>","protected":false},"author":1,"featured_media":0,"parent":0,"menu_order":0,"comment_status":"open","ping_status":"open","template":"","meta":{"footnotes":""},"class_list":["post-1070","page","type-page","status-publish","hentry"],"yoast_head":"<!-- This site is optimized with the Yoast SEO plugin v23.3 - https:\/\/yoast.com\/wordpress\/plugins\/seo\/ -->\n<title>Home - Sunny Hills<\/title>\n<meta name=\"robots\" content=\"index, follow, max-snippet:-1, max-image-preview:large, max-video-preview:-1\" \/>\n<link rel=\"canonical\" href=\"https:\/\/sunnyhillsnursery.rw\/fr\/\" \/>\n<meta property=\"og:locale\" content=\"fr_FR\" \/>\n<meta property=\"og:type\" content=\"article\" \/>\n<meta property=\"og:title\" content=\"Home - Sunny Hills\" \/>\n<meta property=\"og:description\" content=\"This is a Page excerpt. It will be displayed for search results\" \/>\n<meta property=\"og:url\" content=\"https:\/\/sunnyhillsnursery.rw\/fr\/\" \/>\n<meta property=\"og:site_name\" content=\"Sunny Hills\" \/>\n<meta property=\"article:publisher\" content=\"https:\/\/www.facebook.com\/share\/xuAspYD1eEds7xYa\/?mibextid=LQQJ4d\" \/>\n<meta property=\"article:modified_time\" content=\"2025-02-20T15:22:51+00:00\" \/>\n<meta name=\"twitter:card\" content=\"summary_large_image\" \/>\n<meta name=\"twitter:label1\" content=\"Dur\u00e9e de lecture estim\u00e9e\" \/>\n\t<meta name=\"twitter:data1\" content=\"6 minutes\" \/>\n<script type=\"application\/ld+json\" class=\"yoast-schema-graph\">{\"@context\":\"https:\/\/schema.org\",\"@graph\":[{\"@type\":\"WebPage\",\"@id\":\"https:\/\/sunnyhillsnursery.rw\/\",\"url\":\"https:\/\/sunnyhillsnursery.rw\/\",\"name\":\"Home - Sunny Hills\",\"isPartOf\":{\"@id\":\"https:\/\/sunnyhillsnursery.rw\/#website\"},\"datePublished\":\"2013-04-04T22:19:39+00:00\",\"dateModified\":\"2025-02-20T15:22:51+00:00\",\"breadcrumb\":{\"@id\":\"https:\/\/sunnyhillsnursery.rw\/#breadcrumb\"},\"inLanguage\":\"fr-FR\",\"potentialAction\":[{\"@type\":\"ReadAction\",\"target\":[\"https:\/\/sunnyhillsnursery.rw\/\"]}]},{\"@type\":\"BreadcrumbList\",\"@id\":\"https:\/\/sunnyhillsnursery.rw\/#breadcrumb\",\"itemListElement\":[{\"@type\":\"ListItem\",\"position\":1,\"name\":\"Home\",\"item\":\"https:\/\/sunnyhillsnursery.rw\/\"},{\"@type\":\"ListItem\",\"position\":2,\"name\":\"Home\"}]},{\"@type\":\"WebSite\",\"@id\":\"https:\/\/sunnyhillsnursery.rw\/#website\",\"url\":\"https:\/\/sunnyhillsnursery.rw\/\",\"name\":\"Sunny Hills\",\"description\":\"Daycare &amp; Nursery\",\"publisher\":{\"@id\":\"https:\/\/sunnyhillsnursery.rw\/#organization\"},\"potentialAction\":[{\"@type\":\"SearchAction\",\"target\":{\"@type\":\"EntryPoint\",\"urlTemplate\":\"https:\/\/sunnyhillsnursery.rw\/?s={search_term_string}\"},\"query-input\":\"required name=search_term_string\"}],\"inLanguage\":\"fr-FR\"},{\"@type\":\"Organization\",\"@id\":\"https:\/\/sunnyhillsnursery.rw\/#organization\",\"name\":\"Sunny Hills\",\"url\":\"https:\/\/sunnyhillsnursery.rw\/\",\"logo\":{\"@type\":\"ImageObject\",\"inLanguage\":\"fr-FR\",\"@id\":\"https:\/\/sunnyhillsnursery.rw\/#\/schema\/logo\/image\/\",\"url\":\"https:\/\/sunnyhillsnursery.rw\/wp-content\/uploads\/2024\/08\/SH-300x300-1.png\",\"contentUrl\":\"https:\/\/sunnyhillsnursery.rw\/wp-content\/uploads\/2024\/08\/SH-300x300-1.png\",\"width\":300,\"height\":300,\"caption\":\"Sunny Hills\"},\"image\":{\"@id\":\"https:\/\/sunnyhillsnursery.rw\/#\/schema\/logo\/image\/\"},\"sameAs\":[\"https:\/\/www.facebook.com\/share\/xuAspYD1eEds7xYa\/?mibextid=LQQJ4d\",\"https:\/\/www.instagram.com\/sunny_hills_daycareandnursery\"]}]}<\/script>\n<!-- \/ Yoast SEO plugin. -->","yoast_head_json":{"title":"Home - Sunny Hills","robots":{"index":"index","follow":"follow","max-snippet":"max-snippet:-1","max-image-preview":"max-image-preview:large","max-video-preview":"max-video-preview:-1"},"canonical":"https:\/\/sunnyhillsnursery.rw\/fr\/","og_locale":"fr_FR","og_type":"article","og_title":"Home - Sunny Hills","og_description":"This is a Page excerpt. It will be displayed for search results","og_url":"https:\/\/sunnyhillsnursery.rw\/fr\/","og_site_name":"Sunny Hills","article_publisher":"https:\/\/www.facebook.com\/share\/xuAspYD1eEds7xYa\/?mibextid=LQQJ4d","article_modified_time":"2025-02-20T15:22:51+00:00","twitter_card":"summary_large_image","twitter_misc":{"Dur\u00e9e de lecture estim\u00e9e":"6 minutes"},"schema":{"@context":"https:\/\/schema.org","@graph":[{"@type":"WebPage","@id":"https:\/\/sunnyhillsnursery.rw\/","url":"https:\/\/sunnyhillsnursery.rw\/","name":"Home - Sunny Hills","isPartOf":{"@id":"https:\/\/sunnyhillsnursery.rw\/#website"},"datePublished":"2013-04-04T22:19:39+00:00","dateModified":"2025-02-20T15:22:51+00:00","breadcrumb":{"@id":"https:\/\/sunnyhillsnursery.rw\/#breadcrumb"},"inLanguage":"fr-FR","potentialAction":[{"@type":"ReadAction","target":["https:\/\/sunnyhillsnursery.rw\/"]}]},{"@type":"BreadcrumbList","@id":"https:\/\/sunnyhillsnursery.rw\/#breadcrumb","itemListElement":[{"@type":"ListItem","position":1,"name":"Home","item":"https:\/\/sunnyhillsnursery.rw\/"},{"@type":"ListItem","position":2,"name":"Home"}]},{"@type":"WebSite","@id":"https:\/\/sunnyhillsnursery.rw\/#website","url":"https:\/\/sunnyhillsnursery.rw\/","name":"Sunny Hills","description":"Daycare &amp; Nursery","publisher":{"@id":"https:\/\/sunnyhillsnursery.rw\/#organization"},"potentialAction":[{"@type":"SearchAction","target":{"@type":"EntryPoint","urlTemplate":"https:\/\/sunnyhillsnursery.rw\/?s={search_term_string}"},"query-input":"required name=search_term_string"}],"inLanguage":"fr-FR"},{"@type":"Organization","@id":"https:\/\/sunnyhillsnursery.rw\/#organization","name":"Sunny Hills","url":"https:\/\/sunnyhillsnursery.rw\/","logo":{"@type":"ImageObject","inLanguage":"fr-FR","@id":"https:\/\/sunnyhillsnursery.rw\/#\/schema\/logo\/image\/","url":"https:\/\/sunnyhillsnursery.rw\/wp-content\/uploads\/2024\/08\/SH-300x300-1.png","contentUrl":"https:\/\/sunnyhillsnursery.rw\/wp-content\/uploads\/2024\/08\/SH-300x300-1.png","width":300,"height":300,"caption":"Sunny Hills"},"image":{"@id":"https:\/\/sunnyhillsnursery.rw\/#\/schema\/logo\/image\/"},"sameAs":["https:\/\/www.facebook.com\/share\/xuAspYD1eEds7xYa\/?mibextid=LQQJ4d","https:\/\/www.instagram.com\/sunny_hills_daycareandnursery"]}]}},"_links":{"self":[{"href":"https:\/\/sunnyhillsnursery.rw\/fr\/wp-json\/wp\/v2\/pages\/1070"}],"collection":[{"href":"https:\/\/sunnyhillsnursery.rw\/fr\/wp-json\/wp\/v2\/pages"}],"about":[{"href":"https:\/\/sunnyhillsnursery.rw\/fr\/wp-json\/wp\/v2\/types\/page"}],"author":[{"embeddable":true,"href":"https:\/\/sunnyhillsnursery.rw\/fr\/wp-json\/wp\/v2\/users\/1"}],"replies":[{"embeddable":true,"href":"https:\/\/sunnyhillsnursery.rw\/fr\/wp-json\/wp\/v2\/comments?post=1070"}],"version-history":[{"count":85,"href":"https:\/\/sunnyhillsnursery.rw\/fr\/wp-json\/wp\/v2\/pages\/1070\/revisions"}],"predecessor-version":[{"id":3818,"href":"https:\/\/sunnyhillsnursery.rw\/fr\/wp-json\/wp\/v2\/pages\/1070\/revisions\/3818"}],"wp:attachment":[{"href":"https:\/\/sunnyhillsnursery.rw\/fr\/wp-json\/wp\/v2\/media?parent=1070"}],"curies":[{"name":"wp","href":"https:\/\/api.w.org\/{rel}","templated":true}]}}