{"id":3456,"date":"2024-04-19T13:42:30","date_gmt":"2024-04-19T13:42:30","guid":{"rendered":"https:\/\/sunnyhillsnursery.rw\/?page_id=3456"},"modified":"2024-04-26T09:41:23","modified_gmt":"2024-04-26T09:41:23","slug":"daycare","status":"publish","type":"page","link":"https:\/\/sunnyhillsnursery.rw\/fr\/programs\/daycare\/","title":{"rendered":"Day Care"},"content":{"rendered":"<div id='fullscreen_slider_1' class='avia-fullscreen-slider main_color   container_wrap sidebar_right'   ><a href='#next-section' title='' class='scroll-down-link av-control-hidden' aria-hidden='true' data-av_icon='\ue877' data-av_iconfont='entypo-fontello'><\/a><div  data-size='no scaling'  data-lightbox_size='large'  data-animation='fade'  data-conditional_play=''  data-ids='3348'  data-video_counter='0'  data-autoplay='true'  data-bg_slider='true'  data-slide_height='100'  data-handle='av_fullscreen'  data-interval='5'  data-class=' '  data-css_id='fullscreen_slider_1'  data-scroll_down='aviaTBscroll_down'  data-control_layout='av-control-hidden'  data-custom_markup=''  data-perma_caption='aviaTBperma_caption'  data-autoplay_stopper=''  data-image_attachment='scroll'  data-min_height='0px'  data-stretch=''  class='avia-slideshow avia-slideshow-1 av-slider-scroll-down-active av-control-hidden av-default-height-applied avia-slideshow-no scaling av_fullscreen   avia-fade-slider'  itemprop=\"ImageObject\" itemscope=\"itemscope\" itemtype=\"https:\/\/schema.org\/ImageObject\" ><ul class='avia-slideshow-inner' style='padding-bottom: 56.25%;' ><li style='background-position:top center;' data-img-url='https:\/\/sunnyhillsnursery.rw\/wp-content\/uploads\/2024\/04\/2.jpg' class='av-single-slide slide-1' ><div data-rel='slideshow-1' class='avia-slide-wrap'   ><\/div><\/li><\/ul><\/div><\/div>\n<\/div><\/div><\/div><!-- close content main div --><\/div><\/div><div id='portfolio' class='avia-section alternate_color avia-section-large avia-shadow avia-bg-style-scroll   container_wrap sidebar_right' style = 'background-image: '  ><div class='av-section-color-overlay-wrap'><a href='#next-section' title='' class='scroll-down-link'  aria-hidden='true' data-av_icon='\ue877' data-av_iconfont='entypo-fontello'><\/a><div class='container' ><div class='template-page content  av-content-small alpha units'><div class='post-entry post-entry-type-page post-entry-3456'><div class='entry-content-wrapper clearfix'>\n<div class=\"flex_column av_one_full  flex_column_div first\" ><section class=\"av_textblock_section\"  itemscope=\"itemscope\" itemtype=\"https:\/\/schema.org\/CreativeWork\" ><div class='avia_textblock'   itemprop=\"text\" ><h4 style=\"text-align: center;\">Daycare Program<\/h4>\n<\/div><\/section><br \/>\n<div  class='hr hr-short hr-center'><span class='hr-inner' ><span class='hr-inner-style'><\/span><\/span><\/div><br \/>\n<article class=\"iconbox iconbox_left\"  itemscope=\"itemscope\" itemtype=\"https:\/\/schema.org\/CreativeWork\" ><div class=\"iconbox_content\"><header class=\"entry-content-header\"><div class=\"iconbox_icon heading-color\" aria-hidden='true' data-av_icon='\ue81f' data-av_iconfont='entypo-fontello'  ><\/div><\/header><div class='iconbox_content_container'  itemprop=\"text\"  ><p>Dans notre Centre de Cr\u00e8che, nous inscrivons les enfants de 18 mois \u00e0 2 ans dans les deux Sections anglaise et fran\u00e7aise.<\/p>\n<\/div><\/div><footer class=\"entry-footer\"><\/footer><\/article><br \/>\n<section class=\"av_textblock_section\"  itemscope=\"itemscope\" itemtype=\"https:\/\/schema.org\/CreativeWork\" ><div class='avia_textblock'  style='font-size:16px; '  itemprop=\"text\" ><p>Avec un ratio de 1 enseignant\u00a0sur 5 \u00e9tudiants, notre cr\u00e8che offre un soin intensif et une surveillance rapproch\u00e9e des enfants au cours de leur apprentissage. \u00c0 l\u2019aide d\u2019une \u00e9quipe d'enseignants et d\u2019\u2019Anges gardiens\u2019 aimants et qui se soucient profond\u00e9ment des enfants, nous cr\u00e9ons un environnement chaleureux, dynamique et bien adapt\u00e9. En utilisant du mat\u00e9riel et des activit\u00e9s soigneusement s\u00e9lectionn\u00e9s, nous offrons aux enfants des opportunit\u00e9s d'apprendre dans des domaines qui les pr\u00e9parent \u00e0 un apprentissage ult\u00e9rieur, tels que la langue, les math\u00e9matiques et les sciences. \n\nVoici quelques caract\u00e9ristiques de notre cr\u00e8che:<\/p>\n<ul>\n<li>En utilisant une approche bas\u00e9e sur le jeu, les enfants commencent \u00e0 comprendre le monde qui les entoure \u00e0 l\u2019aide de leurs sens. Ils peuvent toucher, entendre, voir et sentir des objets en explorant leur environnement et en apprenant \u00e0 conna\u00eetre le monde qui les entoure. Ils sont \u00e9galement expos\u00e9s  \u00e0 des sons langagiers et \u00e0 des mots adapt\u00e9s \u00e0 leur environnement et dans des contextes \u00e9ducatifs.<\/li>\n<li>Les enfants apprennent de nombreuses chansons dont certaines sont s\u00e9lectionn\u00e9es d\u00e9lib\u00e9r\u00e9ment pour leur donner une exposition pr\u00e9coce au vocabulaire de la langue, aux nombres et \u00e0 compter. Avec une grande vari\u00e9t\u00e9 de livres, y compris des livres d'images, ils d\u00e9couvrent des contes et des histoires qui leur ouvrent tout un nouveau monde.<\/li>\n<li>Des activit\u00e9s d\u00e9lib\u00e9r\u00e9ment con\u00e7ues pour s'assurer que les enfants utilisent subtilement leurs aptitudes motrices, et en pr\u00e9paration \u00e0 l'\u00e9criture, sont disponibles chaque jour. Celles-ci comprennent des activit\u00e9s de cr\u00e9ation artistique et de design o\u00f9 les enfants dessinent, peignent, colorient et fabriquent diff\u00e9rents types d\u2019objets artistiques. Ils trouvent \u00e9galement beaucoup de plaisir dans diff\u00e9rents jeux d\u2019int\u00e9rieur et d\u2019ext\u00e9rieur qui requi\u00e8rent l\u2019emploi exhaustif de leurs aptitudes motrices, et qui les aident \u00e0 d\u00e9velopper leur force physique et \u00e0 se maintenir en forme.<\/li>\n<\/ul>\n<\/div><\/section><br \/>\n<div style='height:70px' class='hr hr-invisible'><span class='hr-inner' ><span class='hr-inner-style'><\/span><\/span><\/div><\/p><\/div><\/div><\/div><\/div><!-- close content main div --><\/div><\/div><\/div><div id='after_section_1' class='main_color av_default_container_wrap container_wrap sidebar_right'   ><div class='container' ><div class='template-page content  av-content-small alpha units'><div class='post-entry post-entry-type-page post-entry-3456'><div class='entry-content-wrapper clearfix'><\/div><\/div><\/div><!-- close content main div --><\/div><\/div><div id='av_section_2' class='avia-section main_color avia-section-large avia-no-shadow avia-full-stretch avia-bg-style-scroll   container_wrap sidebar_right' style = 'background-repeat: no-repeat; background-image: url(https:\/\/sunnyhillsnursery.rw\/wp-content\/uploads\/2024\/04\/5-1.jpg);background-attachment: scroll; background-position: center center; ' data-section-bg-repeat='stretch' ><div class='container' ><div class='template-page content  av-content-small alpha units'><div class='post-entry post-entry-type-page post-entry-3456'><div class='entry-content-wrapper clearfix'>\n<div style='height:100px' class='hr hr-invisible'><span class='hr-inner' ><span class='hr-inner-style'><\/span><\/span><\/div>\n<\/div><\/div><\/div><!-- close content main div --><\/div><\/div><div id='after_section_2' class='main_color av_default_container_wrap container_wrap sidebar_right'   ><div class='container' ><div class='template-page content  av-content-small alpha units'><div class='post-entry post-entry-type-page post-entry-3456'><div class='entry-content-wrapper clearfix'><\/p>","protected":false},"excerpt":{"rendered":"","protected":false},"author":1,"featured_media":0,"parent":3598,"menu_order":0,"comment_status":"open","ping_status":"closed","template":"","meta":{"footnotes":""},"class_list":["post-3456","page","type-page","status-publish","hentry"],"yoast_head":"<!-- This site is optimized with the Yoast SEO plugin v23.3 - https:\/\/yoast.com\/wordpress\/plugins\/seo\/ -->\n<title>Day Care - Sunny Hills<\/title>\n<meta name=\"robots\" content=\"index, follow, max-snippet:-1, max-image-preview:large, max-video-preview:-1\" \/>\n<link rel=\"canonical\" href=\"https:\/\/sunnyhillsnursery.rw\/fr\/programs\/daycare\/\" \/>\n<meta property=\"og:locale\" content=\"fr_FR\" \/>\n<meta property=\"og:type\" content=\"article\" \/>\n<meta property=\"og:title\" content=\"Day Care - Sunny Hills\" \/>\n<meta property=\"og:url\" content=\"https:\/\/sunnyhillsnursery.rw\/fr\/programs\/daycare\/\" \/>\n<meta property=\"og:site_name\" content=\"Sunny Hills\" \/>\n<meta property=\"article:publisher\" content=\"https:\/\/www.facebook.com\/share\/xuAspYD1eEds7xYa\/?mibextid=LQQJ4d\" \/>\n<meta property=\"article:modified_time\" content=\"2024-04-26T09:41:23+00:00\" \/>\n<meta name=\"twitter:card\" content=\"summary_large_image\" \/>\n<meta name=\"twitter:label1\" content=\"Dur\u00e9e de lecture estim\u00e9e\" \/>\n\t<meta name=\"twitter:data1\" content=\"4 minutes\" \/>\n<script type=\"application\/ld+json\" class=\"yoast-schema-graph\">{\"@context\":\"https:\/\/schema.org\",\"@graph\":[{\"@type\":\"WebPage\",\"@id\":\"https:\/\/sunnyhillsnursery.rw\/programs\/daycare\/\",\"url\":\"https:\/\/sunnyhillsnursery.rw\/programs\/daycare\/\",\"name\":\"Day Care - Sunny Hills\",\"isPartOf\":{\"@id\":\"https:\/\/sunnyhillsnursery.rw\/#website\"},\"datePublished\":\"2024-04-19T13:42:30+00:00\",\"dateModified\":\"2024-04-26T09:41:23+00:00\",\"breadcrumb\":{\"@id\":\"https:\/\/sunnyhillsnursery.rw\/programs\/daycare\/#breadcrumb\"},\"inLanguage\":\"fr-FR\",\"potentialAction\":[{\"@type\":\"ReadAction\",\"target\":[\"https:\/\/sunnyhillsnursery.rw\/programs\/daycare\/\"]}]},{\"@type\":\"BreadcrumbList\",\"@id\":\"https:\/\/sunnyhillsnursery.rw\/programs\/daycare\/#breadcrumb\",\"itemListElement\":[{\"@type\":\"ListItem\",\"position\":1,\"name\":\"Home\",\"item\":\"https:\/\/sunnyhillsnursery.rw\/\"},{\"@type\":\"ListItem\",\"position\":2,\"name\":\"Programs\",\"item\":\"https:\/\/sunnyhillsnursery.rw\/programs\/\"},{\"@type\":\"ListItem\",\"position\":3,\"name\":\"Day Care\"}]},{\"@type\":\"WebSite\",\"@id\":\"https:\/\/sunnyhillsnursery.rw\/#website\",\"url\":\"https:\/\/sunnyhillsnursery.rw\/\",\"name\":\"Sunny Hills\",\"description\":\"Daycare &amp; Nursery\",\"publisher\":{\"@id\":\"https:\/\/sunnyhillsnursery.rw\/#organization\"},\"potentialAction\":[{\"@type\":\"SearchAction\",\"target\":{\"@type\":\"EntryPoint\",\"urlTemplate\":\"https:\/\/sunnyhillsnursery.rw\/?s={search_term_string}\"},\"query-input\":\"required name=search_term_string\"}],\"inLanguage\":\"fr-FR\"},{\"@type\":\"Organization\",\"@id\":\"https:\/\/sunnyhillsnursery.rw\/#organization\",\"name\":\"Sunny Hills\",\"url\":\"https:\/\/sunnyhillsnursery.rw\/\",\"logo\":{\"@type\":\"ImageObject\",\"inLanguage\":\"fr-FR\",\"@id\":\"https:\/\/sunnyhillsnursery.rw\/#\/schema\/logo\/image\/\",\"url\":\"https:\/\/sunnyhillsnursery.rw\/wp-content\/uploads\/2024\/08\/SH-300x300-1.png\",\"contentUrl\":\"https:\/\/sunnyhillsnursery.rw\/wp-content\/uploads\/2024\/08\/SH-300x300-1.png\",\"width\":300,\"height\":300,\"caption\":\"Sunny Hills\"},\"image\":{\"@id\":\"https:\/\/sunnyhillsnursery.rw\/#\/schema\/logo\/image\/\"},\"sameAs\":[\"https:\/\/www.facebook.com\/share\/xuAspYD1eEds7xYa\/?mibextid=LQQJ4d\",\"https:\/\/www.instagram.com\/sunny_hills_daycareandnursery\"]}]}<\/script>\n<!-- \/ Yoast SEO plugin. -->","yoast_head_json":{"title":"Day Care - Sunny Hills","robots":{"index":"index","follow":"follow","max-snippet":"max-snippet:-1","max-image-preview":"max-image-preview:large","max-video-preview":"max-video-preview:-1"},"canonical":"https:\/\/sunnyhillsnursery.rw\/fr\/programs\/daycare\/","og_locale":"fr_FR","og_type":"article","og_title":"Day Care - Sunny Hills","og_url":"https:\/\/sunnyhillsnursery.rw\/fr\/programs\/daycare\/","og_site_name":"Sunny Hills","article_publisher":"https:\/\/www.facebook.com\/share\/xuAspYD1eEds7xYa\/?mibextid=LQQJ4d","article_modified_time":"2024-04-26T09:41:23+00:00","twitter_card":"summary_large_image","twitter_misc":{"Dur\u00e9e de lecture estim\u00e9e":"4 minutes"},"schema":{"@context":"https:\/\/schema.org","@graph":[{"@type":"WebPage","@id":"https:\/\/sunnyhillsnursery.rw\/programs\/daycare\/","url":"https:\/\/sunnyhillsnursery.rw\/programs\/daycare\/","name":"Day Care - Sunny Hills","isPartOf":{"@id":"https:\/\/sunnyhillsnursery.rw\/#website"},"datePublished":"2024-04-19T13:42:30+00:00","dateModified":"2024-04-26T09:41:23+00:00","breadcrumb":{"@id":"https:\/\/sunnyhillsnursery.rw\/programs\/daycare\/#breadcrumb"},"inLanguage":"fr-FR","potentialAction":[{"@type":"ReadAction","target":["https:\/\/sunnyhillsnursery.rw\/programs\/daycare\/"]}]},{"@type":"BreadcrumbList","@id":"https:\/\/sunnyhillsnursery.rw\/programs\/daycare\/#breadcrumb","itemListElement":[{"@type":"ListItem","position":1,"name":"Home","item":"https:\/\/sunnyhillsnursery.rw\/"},{"@type":"ListItem","position":2,"name":"Programs","item":"https:\/\/sunnyhillsnursery.rw\/programs\/"},{"@type":"ListItem","position":3,"name":"Day Care"}]},{"@type":"WebSite","@id":"https:\/\/sunnyhillsnursery.rw\/#website","url":"https:\/\/sunnyhillsnursery.rw\/","name":"Sunny Hills","description":"Daycare &amp; Nursery","publisher":{"@id":"https:\/\/sunnyhillsnursery.rw\/#organization"},"potentialAction":[{"@type":"SearchAction","target":{"@type":"EntryPoint","urlTemplate":"https:\/\/sunnyhillsnursery.rw\/?s={search_term_string}"},"query-input":"required name=search_term_string"}],"inLanguage":"fr-FR"},{"@type":"Organization","@id":"https:\/\/sunnyhillsnursery.rw\/#organization","name":"Sunny Hills","url":"https:\/\/sunnyhillsnursery.rw\/","logo":{"@type":"ImageObject","inLanguage":"fr-FR","@id":"https:\/\/sunnyhillsnursery.rw\/#\/schema\/logo\/image\/","url":"https:\/\/sunnyhillsnursery.rw\/wp-content\/uploads\/2024\/08\/SH-300x300-1.png","contentUrl":"https:\/\/sunnyhillsnursery.rw\/wp-content\/uploads\/2024\/08\/SH-300x300-1.png","width":300,"height":300,"caption":"Sunny Hills"},"image":{"@id":"https:\/\/sunnyhillsnursery.rw\/#\/schema\/logo\/image\/"},"sameAs":["https:\/\/www.facebook.com\/share\/xuAspYD1eEds7xYa\/?mibextid=LQQJ4d","https:\/\/www.instagram.com\/sunny_hills_daycareandnursery"]}]}},"_links":{"self":[{"href":"https:\/\/sunnyhillsnursery.rw\/fr\/wp-json\/wp\/v2\/pages\/3456"}],"collection":[{"href":"https:\/\/sunnyhillsnursery.rw\/fr\/wp-json\/wp\/v2\/pages"}],"about":[{"href":"https:\/\/sunnyhillsnursery.rw\/fr\/wp-json\/wp\/v2\/types\/page"}],"author":[{"embeddable":true,"href":"https:\/\/sunnyhillsnursery.rw\/fr\/wp-json\/wp\/v2\/users\/1"}],"replies":[{"embeddable":true,"href":"https:\/\/sunnyhillsnursery.rw\/fr\/wp-json\/wp\/v2\/comments?post=3456"}],"version-history":[{"count":12,"href":"https:\/\/sunnyhillsnursery.rw\/fr\/wp-json\/wp\/v2\/pages\/3456\/revisions"}],"predecessor-version":[{"id":3604,"href":"https:\/\/sunnyhillsnursery.rw\/fr\/wp-json\/wp\/v2\/pages\/3456\/revisions\/3604"}],"up":[{"embeddable":true,"href":"https:\/\/sunnyhillsnursery.rw\/fr\/wp-json\/wp\/v2\/pages\/3598"}],"wp:attachment":[{"href":"https:\/\/sunnyhillsnursery.rw\/fr\/wp-json\/wp\/v2\/media?parent=3456"}],"curies":[{"name":"wp","href":"https:\/\/api.w.org\/{rel}","templated":true}]}}