{"id":3457,"date":"2024-04-19T13:42:30","date_gmt":"2024-04-19T13:42:30","guid":{"rendered":"https:\/\/sunnyhillsnursery.rw\/?page_id=3457"},"modified":"2024-09-06T14:45:08","modified_gmt":"2024-09-06T14:45:08","slug":"extraschool","status":"publish","type":"page","link":"https:\/\/sunnyhillsnursery.rw\/fr\/programs\/extraschool\/","title":{"rendered":"Programme Extra- Scolaire"},"content":{"rendered":"<div id='fullscreen_slider_1' class='avia-fullscreen-slider main_color   container_wrap sidebar_right'   ><a href='#next-section' title='' class='scroll-down-link av-control-hidden' aria-hidden='true' data-av_icon='\ue877' data-av_iconfont='entypo-fontello'><\/a><div  data-size='no scaling'  data-lightbox_size='large'  data-animation='fade'  data-conditional_play=''  data-ids='3349'  data-video_counter='0'  data-autoplay='true'  data-bg_slider='true'  data-slide_height='100'  data-handle='av_fullscreen'  data-interval='5'  data-class=' '  data-css_id='fullscreen_slider_1'  data-scroll_down='aviaTBscroll_down'  data-control_layout='av-control-hidden'  data-custom_markup=''  data-perma_caption='aviaTBperma_caption'  data-autoplay_stopper=''  data-image_attachment='scroll'  data-min_height='0px'  data-stretch=''  class='avia-slideshow avia-slideshow-1 av-slider-scroll-down-active av-control-hidden av-default-height-applied avia-slideshow-no scaling av_fullscreen   avia-fade-slider'  itemprop=\"ImageObject\" itemscope=\"itemscope\" itemtype=\"https:\/\/schema.org\/ImageObject\" ><ul class='avia-slideshow-inner' style='padding-bottom: 56.25%;' ><li style='background-position:top center;' data-img-url='https:\/\/sunnyhillsnursery.rw\/wp-content\/uploads\/2024\/04\/3.jpg' class='av-single-slide slide-1' ><div data-rel='slideshow-1' class='avia-slide-wrap'   ><\/div><\/li><\/ul><\/div><\/div>\n<\/div><\/div><\/div><!-- close content main div --><\/div><\/div><div id='portfolio' class='avia-section alternate_color avia-section-large avia-shadow avia-bg-style-scroll   container_wrap sidebar_right' style = 'background-image: '  ><div class='av-section-color-overlay-wrap'><a href='#next-section' title='' class='scroll-down-link'  aria-hidden='true' data-av_icon='\ue877' data-av_iconfont='entypo-fontello'><\/a><div class='container' ><div class='template-page content  av-content-small alpha units'><div class='post-entry post-entry-type-page post-entry-3457'><div class='entry-content-wrapper clearfix'>\n<div class=\"flex_column av_one_full  flex_column_div first\" ><section class=\"av_textblock_section\"  itemscope=\"itemscope\" itemtype=\"https:\/\/schema.org\/CreativeWork\" ><div class='avia_textblock'   itemprop=\"text\" ><h4 style=\"text-align: center;\">Programme Extra- Scolaire<\/h4>\n<\/div><\/section><br \/>\n<section class=\"av_textblock_section\"  itemscope=\"itemscope\" itemtype=\"https:\/\/schema.org\/CreativeWork\" ><div class='avia_textblock'  style='font-size:16px; '  itemprop=\"text\" ><p>Nous offrons \u00e9galement des programmes extra-scolaires qui permettent aux enfants d'\u00eatre engag\u00e9s de mani\u00e8re constructive en dehors des heures r\u00e9guli\u00e8res de Cr\u00e8che et de Maternelle.<\/p>\n<p>Moyennant un co\u00fbt suppl\u00e9mentaire, les enfants inscrits participent dans des activit\u00e9s telles que la lecture, l'apprentissage des langues (fran\u00e7ais\/anglais), et diff\u00e9rents jeux apr\u00e8s les heures r\u00e9guli\u00e8res de classe jusqu\u2019\u00e0 18\u00a0h.30.<\/p>\n<\/div><\/section><br \/>\n<div style='height:70px' class='hr hr-invisible'><span class='hr-inner' ><span class='hr-inner-style'><\/span><\/span><\/div><\/p><\/div>\n<\/div><\/div><\/div><!-- close content main div --><\/div><\/div><\/div><div id='after_section_1' class='main_color av_default_container_wrap container_wrap sidebar_right'   ><div class='container' ><div class='template-page content  av-content-small alpha units'><div class='post-entry post-entry-type-page post-entry-3457'><div class='entry-content-wrapper clearfix'>\n<\/div><\/div><\/div><!-- close content main div --><\/div><\/div><div id='av_section_2' class='avia-section main_color avia-section-large avia-no-shadow avia-full-stretch avia-bg-style-scroll   container_wrap sidebar_right' style = 'background-repeat: no-repeat; background-image: url(https:\/\/sunnyhillsnursery.rw\/wp-content\/uploads\/2024\/04\/5-1.jpg);background-attachment: scroll; background-position: center center; ' data-section-bg-repeat='stretch' ><div class='container' ><div class='template-page content  av-content-small alpha units'><div class='post-entry post-entry-type-page post-entry-3457'><div class='entry-content-wrapper clearfix'>\n<div style='height:100px' class='hr hr-invisible'><span class='hr-inner' ><span class='hr-inner-style'><\/span><\/span><\/div>\n<\/div><\/div><\/div><!-- close content main div --><\/div><\/div><div id='after_section_2' class='main_color av_default_container_wrap container_wrap sidebar_right'   ><div class='container' ><div class='template-page content  av-content-small alpha units'><div class='post-entry post-entry-type-page post-entry-3457'><div class='entry-content-wrapper clearfix'>","protected":false},"excerpt":{"rendered":"","protected":false},"author":1,"featured_media":0,"parent":3598,"menu_order":0,"comment_status":"open","ping_status":"closed","template":"","meta":{"footnotes":""},"class_list":["post-3457","page","type-page","status-publish","hentry"],"yoast_head":"<!-- This site is optimized with the Yoast SEO plugin v23.3 - https:\/\/yoast.com\/wordpress\/plugins\/seo\/ -->\n<title>Extra School - Sunny Hills<\/title>\n<meta name=\"robots\" content=\"index, follow, max-snippet:-1, max-image-preview:large, max-video-preview:-1\" \/>\n<link rel=\"canonical\" href=\"https:\/\/sunnyhillsnursery.rw\/fr\/programs\/extraschool\/\" \/>\n<meta property=\"og:locale\" content=\"fr_FR\" \/>\n<meta property=\"og:type\" content=\"article\" \/>\n<meta property=\"og:title\" content=\"Extra School - Sunny Hills\" \/>\n<meta property=\"og:url\" content=\"https:\/\/sunnyhillsnursery.rw\/fr\/programs\/extraschool\/\" \/>\n<meta property=\"og:site_name\" content=\"Sunny Hills\" \/>\n<meta property=\"article:publisher\" content=\"https:\/\/www.facebook.com\/share\/xuAspYD1eEds7xYa\/?mibextid=LQQJ4d\" \/>\n<meta property=\"article:modified_time\" content=\"2024-09-06T14:45:08+00:00\" \/>\n<meta name=\"twitter:card\" content=\"summary_large_image\" \/>\n<meta name=\"twitter:label1\" content=\"Dur\u00e9e de lecture estim\u00e9e\" \/>\n\t<meta name=\"twitter:data1\" content=\"1 minute\" \/>\n<script type=\"application\/ld+json\" class=\"yoast-schema-graph\">{\"@context\":\"https:\/\/schema.org\",\"@graph\":[{\"@type\":\"WebPage\",\"@id\":\"https:\/\/sunnyhillsnursery.rw\/programs\/extraschool\/\",\"url\":\"https:\/\/sunnyhillsnursery.rw\/programs\/extraschool\/\",\"name\":\"Extra School - Sunny Hills\",\"isPartOf\":{\"@id\":\"https:\/\/sunnyhillsnursery.rw\/#website\"},\"datePublished\":\"2024-04-19T13:42:30+00:00\",\"dateModified\":\"2024-09-06T14:45:08+00:00\",\"breadcrumb\":{\"@id\":\"https:\/\/sunnyhillsnursery.rw\/programs\/extraschool\/#breadcrumb\"},\"inLanguage\":\"fr-FR\",\"potentialAction\":[{\"@type\":\"ReadAction\",\"target\":[\"https:\/\/sunnyhillsnursery.rw\/programs\/extraschool\/\"]}]},{\"@type\":\"BreadcrumbList\",\"@id\":\"https:\/\/sunnyhillsnursery.rw\/programs\/extraschool\/#breadcrumb\",\"itemListElement\":[{\"@type\":\"ListItem\",\"position\":1,\"name\":\"Home\",\"item\":\"https:\/\/sunnyhillsnursery.rw\/\"},{\"@type\":\"ListItem\",\"position\":2,\"name\":\"Programs\",\"item\":\"https:\/\/sunnyhillsnursery.rw\/programs\/\"},{\"@type\":\"ListItem\",\"position\":3,\"name\":\"Extra School\"}]},{\"@type\":\"WebSite\",\"@id\":\"https:\/\/sunnyhillsnursery.rw\/#website\",\"url\":\"https:\/\/sunnyhillsnursery.rw\/\",\"name\":\"Sunny Hills\",\"description\":\"Daycare &amp; Nursery\",\"publisher\":{\"@id\":\"https:\/\/sunnyhillsnursery.rw\/#organization\"},\"potentialAction\":[{\"@type\":\"SearchAction\",\"target\":{\"@type\":\"EntryPoint\",\"urlTemplate\":\"https:\/\/sunnyhillsnursery.rw\/?s={search_term_string}\"},\"query-input\":\"required name=search_term_string\"}],\"inLanguage\":\"fr-FR\"},{\"@type\":\"Organization\",\"@id\":\"https:\/\/sunnyhillsnursery.rw\/#organization\",\"name\":\"Sunny Hills\",\"url\":\"https:\/\/sunnyhillsnursery.rw\/\",\"logo\":{\"@type\":\"ImageObject\",\"inLanguage\":\"fr-FR\",\"@id\":\"https:\/\/sunnyhillsnursery.rw\/#\/schema\/logo\/image\/\",\"url\":\"https:\/\/sunnyhillsnursery.rw\/wp-content\/uploads\/2024\/08\/SH-300x300-1.png\",\"contentUrl\":\"https:\/\/sunnyhillsnursery.rw\/wp-content\/uploads\/2024\/08\/SH-300x300-1.png\",\"width\":300,\"height\":300,\"caption\":\"Sunny Hills\"},\"image\":{\"@id\":\"https:\/\/sunnyhillsnursery.rw\/#\/schema\/logo\/image\/\"},\"sameAs\":[\"https:\/\/www.facebook.com\/share\/xuAspYD1eEds7xYa\/?mibextid=LQQJ4d\",\"https:\/\/www.instagram.com\/sunny_hills_daycareandnursery\"]}]}<\/script>\n<!-- \/ Yoast SEO plugin. -->","yoast_head_json":{"title":"Extra School - Sunny Hills","robots":{"index":"index","follow":"follow","max-snippet":"max-snippet:-1","max-image-preview":"max-image-preview:large","max-video-preview":"max-video-preview:-1"},"canonical":"https:\/\/sunnyhillsnursery.rw\/fr\/programs\/extraschool\/","og_locale":"fr_FR","og_type":"article","og_title":"Extra School - Sunny Hills","og_url":"https:\/\/sunnyhillsnursery.rw\/fr\/programs\/extraschool\/","og_site_name":"Sunny Hills","article_publisher":"https:\/\/www.facebook.com\/share\/xuAspYD1eEds7xYa\/?mibextid=LQQJ4d","article_modified_time":"2024-09-06T14:45:08+00:00","twitter_card":"summary_large_image","twitter_misc":{"Dur\u00e9e de lecture estim\u00e9e":"1 minute"},"schema":{"@context":"https:\/\/schema.org","@graph":[{"@type":"WebPage","@id":"https:\/\/sunnyhillsnursery.rw\/programs\/extraschool\/","url":"https:\/\/sunnyhillsnursery.rw\/programs\/extraschool\/","name":"Extra School - Sunny Hills","isPartOf":{"@id":"https:\/\/sunnyhillsnursery.rw\/#website"},"datePublished":"2024-04-19T13:42:30+00:00","dateModified":"2024-09-06T14:45:08+00:00","breadcrumb":{"@id":"https:\/\/sunnyhillsnursery.rw\/programs\/extraschool\/#breadcrumb"},"inLanguage":"fr-FR","potentialAction":[{"@type":"ReadAction","target":["https:\/\/sunnyhillsnursery.rw\/programs\/extraschool\/"]}]},{"@type":"BreadcrumbList","@id":"https:\/\/sunnyhillsnursery.rw\/programs\/extraschool\/#breadcrumb","itemListElement":[{"@type":"ListItem","position":1,"name":"Home","item":"https:\/\/sunnyhillsnursery.rw\/"},{"@type":"ListItem","position":2,"name":"Programs","item":"https:\/\/sunnyhillsnursery.rw\/programs\/"},{"@type":"ListItem","position":3,"name":"Extra School"}]},{"@type":"WebSite","@id":"https:\/\/sunnyhillsnursery.rw\/#website","url":"https:\/\/sunnyhillsnursery.rw\/","name":"Sunny Hills","description":"Daycare &amp; Nursery","publisher":{"@id":"https:\/\/sunnyhillsnursery.rw\/#organization"},"potentialAction":[{"@type":"SearchAction","target":{"@type":"EntryPoint","urlTemplate":"https:\/\/sunnyhillsnursery.rw\/?s={search_term_string}"},"query-input":"required name=search_term_string"}],"inLanguage":"fr-FR"},{"@type":"Organization","@id":"https:\/\/sunnyhillsnursery.rw\/#organization","name":"Sunny Hills","url":"https:\/\/sunnyhillsnursery.rw\/","logo":{"@type":"ImageObject","inLanguage":"fr-FR","@id":"https:\/\/sunnyhillsnursery.rw\/#\/schema\/logo\/image\/","url":"https:\/\/sunnyhillsnursery.rw\/wp-content\/uploads\/2024\/08\/SH-300x300-1.png","contentUrl":"https:\/\/sunnyhillsnursery.rw\/wp-content\/uploads\/2024\/08\/SH-300x300-1.png","width":300,"height":300,"caption":"Sunny Hills"},"image":{"@id":"https:\/\/sunnyhillsnursery.rw\/#\/schema\/logo\/image\/"},"sameAs":["https:\/\/www.facebook.com\/share\/xuAspYD1eEds7xYa\/?mibextid=LQQJ4d","https:\/\/www.instagram.com\/sunny_hills_daycareandnursery"]}]}},"_links":{"self":[{"href":"https:\/\/sunnyhillsnursery.rw\/fr\/wp-json\/wp\/v2\/pages\/3457"}],"collection":[{"href":"https:\/\/sunnyhillsnursery.rw\/fr\/wp-json\/wp\/v2\/pages"}],"about":[{"href":"https:\/\/sunnyhillsnursery.rw\/fr\/wp-json\/wp\/v2\/types\/page"}],"author":[{"embeddable":true,"href":"https:\/\/sunnyhillsnursery.rw\/fr\/wp-json\/wp\/v2\/users\/1"}],"replies":[{"embeddable":true,"href":"https:\/\/sunnyhillsnursery.rw\/fr\/wp-json\/wp\/v2\/comments?post=3457"}],"version-history":[{"count":11,"href":"https:\/\/sunnyhillsnursery.rw\/fr\/wp-json\/wp\/v2\/pages\/3457\/revisions"}],"predecessor-version":[{"id":3690,"href":"https:\/\/sunnyhillsnursery.rw\/fr\/wp-json\/wp\/v2\/pages\/3457\/revisions\/3690"}],"up":[{"embeddable":true,"href":"https:\/\/sunnyhillsnursery.rw\/fr\/wp-json\/wp\/v2\/pages\/3598"}],"wp:attachment":[{"href":"https:\/\/sunnyhillsnursery.rw\/fr\/wp-json\/wp\/v2\/media?parent=3457"}],"curies":[{"name":"wp","href":"https:\/\/api.w.org\/{rel}","templated":true}]}}