{"id":3586,"date":"2024-04-26T07:23:54","date_gmt":"2024-04-26T07:23:54","guid":{"rendered":"https:\/\/sunnyhillsnursery.rw\/?page_id=3586"},"modified":"2025-04-11T09:56:27","modified_gmt":"2025-04-11T09:56:27","slug":"about","status":"publish","type":"page","link":"https:\/\/sunnyhillsnursery.rw\/fr\/about\/","title":{"rendered":"About"},"content":{"rendered":"<div id='layer_slider_1' class='avia-layerslider main_color avia-shadow  container_wrap sidebar_right'    style='height: 471px;' ><\/div>\n<\/div><\/div><\/div><!-- close content main div --><\/div><\/div><div id='about' class='avia-section main_color avia-section-large avia-no-shadow avia-bg-style-scroll   container_wrap sidebar_right' style = 'background-image: '  ><div class='container' ><div class='template-page content  av-content-small alpha units'><div class='post-entry post-entry-type-page post-entry-3586'><div class='entry-content-wrapper clearfix'>\n<div class=\"flex_column av_one_half  flex_column_div av-zero-column-padding first\" style='border-radius:0px; '><p><div style='padding-bottom:10px; color:#16629c;' class='av-special-heading av-special-heading-h3 custom-color-heading'><h3 class='av-special-heading-tag'  itemprop=\"headline\"  >Notre Mission<\/h3><div class='special-heading-border'><div class='special-heading-inner-border' style='border-color:#16629c'><\/div><\/div><\/div><br \/>\n<section class=\"av_textblock_section\"  itemscope=\"itemscope\" itemtype=\"https:\/\/schema.org\/CreativeWork\" ><div class='avia_textblock'   itemprop=\"text\" ><p class=\" translation-block\">Offrir une \u00e9ducation personnalis\u00e9e, centr\u00e9e sur l'enfant, dans un environnement \u00e9lite, propre, s\u00fbr et s\u00e9curis\u00e9 pour promouvoir l'apprentissage par le jeu, l'acquisition des aptitudes propres au 21e si\u00e8cle, la pr\u00e9paration compl\u00e8te \u00e0 l'\u00e9cole et \u00e0 la vie des enfants.<\/p>\n<\/div><\/section><br \/>\n<div class='avia-image-container  av-styling-no-styling av-hover-grow   avia-align-center'  itemprop=\"ImageObject\" itemscope=\"itemscope\" itemtype=\"https:\/\/schema.org\/ImageObject\"  ><div class='avia-image-container-inner'><div class='avia-image-overlay-wrap'><img class='avia_image' src='https:\/\/sunnyhillsnursery.rw\/wp-content\/uploads\/2024\/04\/1-2.jpg' alt='' title='1' height=\"450\"width=\"810\"  itemprop=\"thumbnailUrl\"  \/><\/div><\/div><\/div><\/p><\/div><div class=\"flex_column av_one_half  flex_column_div av-zero-column-padding\" style='border-radius:0px; '><p><div style='padding-bottom:10px; color:#16629c;' class='av-special-heading av-special-heading-h3 custom-color-heading'><h3 class='av-special-heading-tag'  itemprop=\"headline\"  >Notre Vision<\/h3><div class='special-heading-border'><div class='special-heading-inner-border' style='border-color:#16629c'><\/div><\/div><\/div><br \/>\n<section class=\"av_textblock_section\"  itemscope=\"itemscope\" itemtype=\"https:\/\/schema.org\/CreativeWork\" ><div class='avia_textblock'   itemprop=\"text\" ><p>\u00catre le premier Centre d\u2019\u00c9ducation Maternelle dans la r\u00e9gion, en \u00e9tablissant des normes \u00e9lev\u00e9es de soins, de s\u00e9curit\u00e9 et d'\u00e9ducation.<\/p>\n<\/div><\/section><br \/>\n<div class='avia-image-container  av-styling-no-styling av-hover-grow   avia-align-center'  itemprop=\"ImageObject\" itemscope=\"itemscope\" itemtype=\"https:\/\/schema.org\/ImageObject\"  ><div class='avia-image-container-inner'><div class='avia-image-overlay-wrap'><img class='avia_image' src='https:\/\/sunnyhillsnursery.rw\/wp-content\/uploads\/2024\/04\/Page-Border1.png' alt='' title='Page Border(1)' height=\"707\"width=\"1000\"  itemprop=\"thumbnailUrl\"  \/><\/div><\/div><\/div><\/p><\/div><\/div><\/div><\/div><!-- close content main div --><\/div><\/div><div id='after_section_1' class='main_color av_default_container_wrap container_wrap sidebar_right'   ><div class='container' ><div class='template-page content  av-content-small alpha units'><div class='post-entry post-entry-type-page post-entry-3586'><div class='entry-content-wrapper clearfix'><\/div><\/div><\/div><!-- close content main div --><\/div><\/div><div id='av_section_2' class='avia-section main_color avia-section-default avia-no-border-styling avia-bg-style-scroll   container_wrap sidebar_right' style = 'background-repeat: no-repeat; background-image: url(https:\/\/sunnyhillsnursery.rw\/wp-content\/uploads\/2024\/04\/Kindergarten-Infographic-1.png);background-attachment: scroll; background-position: top center; ' data-section-bg-repeat='no-repeat' ><div class='container' ><div class='template-page content  av-content-small alpha units'><div class='post-entry post-entry-type-page post-entry-3586'><div class='entry-content-wrapper clearfix'>\n<div class=\"flex_column av_one_half  flex_column_div av-zero-column-padding first\" style='border-radius:0px; '><p><div style='padding-bottom:10px; ' class='av-special-heading av-special-heading-h2  blockquote modern-quote'><h2 class='av-special-heading-tag'  itemprop=\"headline\"  >NOTRE PHILOSOPHIE<\/h2><div class='special-heading-border'><div class='special-heading-inner-border' ><\/div><\/div><\/div><br \/>\n<section class=\"av_textblock_section\"  itemscope=\"itemscope\" itemtype=\"https:\/\/schema.org\/CreativeWork\" ><div class='avia_textblock'   itemprop=\"text\" ><p class=\" translation-block\">Notre philosophie \u00e9ducative est con\u00e7ue pour que les enfants abordent le 21e si\u00e8cle avec succ\u00e8s. Nous croyons en l\u2019\u00e9ducation int\u00e9grale de l\u2019enfant dans un environnement d'apprentissage dynamique et innovant qui favorise la cr\u00e9ativit\u00e9, la pens\u00e9e critique, la collaboration et les aptitudes de communication. Et tout s\u2019accomplit en partenariat avec les familles et la communaut\u00e9 en g\u00e9n\u00e9ral. Notre approche centr\u00e9e sur l\u2019enfant est une sorte d\u2019\u00e9ducation par l\u2019enqu\u00eate et l\u2019exploration concr\u00e8te du monde r\u00e9el par le jeu  \nNos principes cl\u00e9s sont :<\/p>\n<\/div><\/section><\/p><\/div><div class=\"flex_column av_one_half  flex_column_div av-zero-column-padding\" style='border-radius:0px; '><div class=\"togglecontainer   toggle_close_all\" >\n<section class=\"av_toggle_section\"  itemscope=\"itemscope\" itemtype=\"https:\/\/schema.org\/CreativeWork\"  >    <div class=\"single_toggle\" data-tags=\"{Tout} \"  >        <p data-fake-id=\"#toggle-id-1\" class=\"toggler  av-inherit-font-color  av-inherit-border-color\"  itemprop=\"headline\"  style='background-color: #17aeea; color: #ffffff; border-color: #ffffff; '>Environnement<span class=\"toggle_icon\" style='border-color:#ffffff;'>        <span class=\"vert_icon\"><\/span><span class=\"hor_icon\"><\/span><\/span><\/p>        <div id=\"toggle-id-1-container\" class=\"toggle_wrap\"  >            <div class=\"toggle_content invers-color  av-inherit-font-color  av-inherit-border-color\"  itemprop=\"text\"  style='background-color: #17aeea; color: #ffffff; border-color: #ffffff; ' ><p>Nous croyons en l\u2019\u00e9tablissement d'un environnement d'apprentissage propre, sain,  s\u00e9curis\u00e9, et  impr\u00e9gn\u00e9 de valeurs qui favorisent l'amour, la gentillesse, l'empathie envers les autres, l'int\u00e9grit\u00e9 et la responsabilit\u00e9. Les salles de classe sont soigneusement pr\u00e9par\u00e9es pour aider les enfants \u00e0 d\u00e9velopper leur esprit d\u2019ind\u00e9pendance. Les enfants disposent d\u2019un libre choix, mais raisonnablement limit\u00e9, pour explorer leurs int\u00e9r\u00eats tout en apprenant \u00e0 respecter les droits et les int\u00e9r\u00eats des autres au sein de l\u2019\u00e9cole.  Les interactions entre les enfants de diff\u00e9rents \u00e2ges favorisent la coop\u00e9ration et\u00a0l\u2019inspiration au fur et \u00e0 mesure qu\u2019ils avancent dans les \u00e9tudes. Et nous habilitons les enfants \u00e0 contribuer positivement au sein de la vie communautaire.<\/p>\n            <\/div>        <\/div>    <\/div><\/section>\n<section class=\"av_toggle_section\"  itemscope=\"itemscope\" itemtype=\"https:\/\/schema.org\/CreativeWork\"  >    <div class=\"single_toggle\" data-tags=\"{Tout} \"  >        <p data-fake-id=\"#toggle-id-2\" class=\"toggler  av-inherit-font-color  av-inherit-border-color\"  itemprop=\"headline\"  style='background-color: #17aeea; color: #ffffff; border-color: #ffffff; '>Vision des Enfants<span class=\"toggle_icon\" style='border-color:#ffffff;'>        <span class=\"vert_icon\"><\/span><span class=\"hor_icon\"><\/span><\/span><\/p>        <div id=\"toggle-id-2-container\" class=\"toggle_wrap\"  >            <div class=\"toggle_content invers-color  av-inherit-font-color  av-inherit-border-color\"  itemprop=\"text\"  style='background-color: #17aeea; color: #ffffff; border-color: #ffffff; ' ><p>Nous croyons que les enfants sont des \u00eatres humains uniques, et chacun avec ses propres int\u00e9r\u00eats, ses capacit\u00e9s et ses dons. Dans cet ordre, chaque enfant requiert des exp\u00e9riences d\u2019apprentissage personnalis\u00e9es afin de soutenir sa croissance, son d\u00e9veloppement et son \u00e9panouissement.<\/p>\n            <\/div>        <\/div>    <\/div><\/section>\n<section class=\"av_toggle_section\"  itemscope=\"itemscope\" itemtype=\"https:\/\/schema.org\/CreativeWork\"  >    <div class=\"single_toggle\" data-tags=\"{Tout} \"  >        <p data-fake-id=\"#toggle-id-3\" class=\"toggler  av-inherit-font-color  av-inherit-border-color\"  itemprop=\"headline\"  style='background-color: #17aeea; color: #ffffff; border-color: #ffffff; '>Relations Enrichissantes<span class=\"toggle_icon\" style='border-color:#ffffff;'>        <span class=\"vert_icon\"><\/span><span class=\"hor_icon\"><\/span><\/span><\/p>        <div id=\"toggle-id-3-container\" class=\"toggle_wrap\"  >            <div class=\"toggle_content invers-color  av-inherit-font-color  av-inherit-border-color\"  itemprop=\"text\"  style='background-color: #17aeea; color: #ffffff; border-color: #ffffff; ' ><p>Nous croyons au d\u00e9veloppement des relations appropri\u00e9es, positives, aimantes et enrichissantes entre le personnel \u00e9ducatif et les enfants. Ces relations aident les enfants \u00e0 d\u00e9velopper un sentiment de confiance et de s\u00e9curit\u00e9, leur permettant d'explorer, d'apprendre et de d\u00e9velopper des comp\u00e9tences sociales et \u00e9motionnelles. Nous encourageons et enseignons aux enfants \u00e0 s\u2019engager dans des conversations significatrices avec leurs camarades, leurs enseignants et les autres membres du personnel \u00e9ducatif, afin de comprendre\u00a0la r\u00e9alit\u00e9 qui les entoure.<\/p>\n            <\/div>        <\/div>    <\/div><\/section>\n<section class=\"av_toggle_section\"  itemscope=\"itemscope\" itemtype=\"https:\/\/schema.org\/CreativeWork\"  >    <div class=\"single_toggle\" data-tags=\"{Tout} \"  >        <p data-fake-id=\"#toggle-id-4\" class=\"toggler  av-inherit-font-color  av-inherit-border-color\"  itemprop=\"headline\"  style='background-color: #17aeea; color: #ffffff; border-color: #ffffff; '>Amour Pour L\u2019apprentissage<span class=\"toggle_icon\" style='border-color:#ffffff;'>        <span class=\"vert_icon\"><\/span><span class=\"hor_icon\"><\/span><\/span><\/p>        <div id=\"toggle-id-4-container\" class=\"toggle_wrap\"  >            <div class=\"toggle_content invers-color  av-inherit-font-color  av-inherit-border-color\"  itemprop=\"text\"  style='background-color: #17aeea; color: #ffffff; border-color: #ffffff; ' ><p>Nous habilitons les enfants \u00e0 participer activement dans leur propre enseignement, \u00e0 d\u00e9velopper un amour pour l\u2019apprentissage. En stimulant la curiosit\u00e9 et la cr\u00e9ativit\u00e9 naturelles des enfants, nous les aidons \u00e0 se pr\u00e9parer pour devenir des apprenants s\u00fbrs d\u2019eux-m\u00eames, des apprenants auto motiv\u00e9s, des apprenants \u00e0 vie. Notre objectif est d\u2019\u00e9quiper les enfants d\u2019aptitudes, de connaissance et un \u00e9tat d\u2019esprit qui puisse les aider \u00e0 prosp\u00e9rer dans un monde dynamique. Nous nous effor\u00e7ons d\u2019inspirer un amour pour l\u2019apprentissage \u00e0 vie, et un empressement pour un futur succ\u00e8s personnel et acad\u00e9mique.<\/p>\n            <\/div>        <\/div>    <\/div><\/section>\n<section class=\"av_toggle_section\"  itemscope=\"itemscope\" itemtype=\"https:\/\/schema.org\/CreativeWork\"  >    <div class=\"single_toggle\" data-tags=\"{Tout} \"  >        <p data-fake-id=\"#toggle-id-5\" class=\"toggler  av-inherit-font-color  av-inherit-border-color\"  itemprop=\"headline\"  style='background-color: #17aeea; color: #ffffff; border-color: #ffffff; '>Apprentissage Par le Jeu<span class=\"toggle_icon\" style='border-color:#ffffff;'>        <span class=\"vert_icon\"><\/span><span class=\"hor_icon\"><\/span><\/span><\/p>        <div id=\"toggle-id-5-container\" class=\"toggle_wrap\"  >            <div class=\"toggle_content invers-color  av-inherit-font-color  av-inherit-border-color\"  itemprop=\"text\"  style='background-color: #17aeea; color: #ffffff; border-color: #ffffff; ' ><p>Nous croyons que le jeu occupe une position centrale dans l\u2019enseignement et le d\u00e9veloppement des enfants, car c\u2019est un moyen naturel et essentiel de comprendre le monde. Avec le jeu, ils d\u00e9veloppent des aptitudes sociales, sont capables de s\u2019exprimer, de d\u00e9velopper leur esprit cr\u00e9atif, et .d\u2019acqu\u00e9rir une connaissance fondamentale, et une compr\u00e9hension de tous les aspects de d\u00e9veloppement.<\/p>\n            <\/div>        <\/div>    <\/div><\/section>\n<\/div><\/div><\/div><\/div><\/div><!-- close content main div --><\/div><\/div><div id='after_section_2' class='main_color av_default_container_wrap container_wrap sidebar_right'   ><div class='container' ><div class='template-page content  av-content-small alpha units'><div class='post-entry post-entry-type-page post-entry-3586'><div class='entry-content-wrapper clearfix'><\/div><\/div><\/div><!-- close content main div --><\/div><\/div><div id='av_section_3' class='avia-section main_color avia-section-default avia-no-border-styling avia-bg-style-scroll   container_wrap sidebar_right' style = 'background-repeat: no-repeat; background-image: url(https:\/\/sunnyhillsnursery.rw\/wp-content\/uploads\/2024\/04\/Kindergarten-Infographic1.jpg);background-attachment: scroll; background-position: center center; ' data-section-bg-repeat='no-repeat' ><div class='container' ><div class='template-page content  av-content-small alpha units'><div class='post-entry post-entry-type-page post-entry-3586'><div class='entry-content-wrapper clearfix'>\n<div class=\"flex_column av_one_fifth  flex_column_div av-zero-column-padding first\" style='border-radius:0px; '><\/div><div class=\"flex_column av_three_fourth  flex_column_div av-zero-column-padding\" style='border-radius:0px; '><p><div style='padding-bottom:10px; color:#16629c;' class='av-special-heading av-special-heading-h2 custom-color-heading blockquote modern-quote'><h2 class='av-special-heading-tag'  itemprop=\"headline\"  >NOTRE PROGRAM EDUCATIF <\/h2><div class='special-heading-border'><div class='special-heading-inner-border' style='border-color:#16629c'><\/div><\/div><\/div><br \/>\n<section class=\"av_textblock_section\"  itemscope=\"itemscope\" itemtype=\"https:\/\/schema.org\/CreativeWork\" ><div class='avia_textblock'  style='font-size:16px; '  itemprop=\"text\" ><section class=\"av_textblock_section\">\n<div class=\"avia_textblock\">\n<p class=\" translation-block\">Nous offrons un programme \u00e9ducatif enrichi et \u00e9clectique de la Cr\u00e8che. Il est principalement et fondamentalement bas\u00e9 sur le jeu, et est donc en rapport avec le Programme National Rwandais en alliance avec les \u00e9l\u00e9ments des cadres \u00e9ducatifs Montessori et Early Years Foundation Stage (EYFS), afin de pr\u00e9parer les enfants \u00e0 l'\u00e9ducation Primaire Nationale et Internationale (PYP, K-12, IGCSE et CBC).<\/p>\n<p>Notre programme offre une approche \u00e9ducative personnalis\u00e9e et centr\u00e9e sur l'enfant, en mettant l'accent sur l'apprentissage par le jeu pour favoriser la pr\u00e9paration \u00e0 l'\u00e9cole, les aptitudes de vie et un sentiment de communaut\u00e9 fond\u00e9 sur l'amour et le soutien mutuel. Nous croyons en l'apprentissage holistique et le d\u00e9veloppement des aspects physiques, cognitifs, sociaux et \u00e9motionnels des enfants. Notre programme est ainsi con\u00e7u pour r\u00e9pondre aux besoins de l'enfant dans son ensemble, en favorisant la croissance intellectuelle, la cr\u00e9ativit\u00e9, l'intelligence \u00e9motionnelle, l'empathie et les aptitudes pratiques de vie.<\/p>\n<p>Notre environnement riche et stimulant dispose d\u2019un mat\u00e9riel con\u00e7u pour engager les enfants dans des activit\u00e9s d'apprentissage, et principalement dans les domaines suivants :<\/p>\n<ul>\n<li>Communication et langage<\/li>\n<li>Math\u00e9matiques<\/li>\n<li>Compr\u00e9hension du monde<\/li>\n<li>Vie pratique et aptitudes de vie<\/li>\n<li>Art expressif et design<\/li>\n<li>D\u00e9veloppement physique.<\/li>\n<\/ul>\n<p class=\" translation-block\">Dans notre Cr\u00e8che et notre \u00c9cole Maternelle, les enfants apprennent dans la langue qui leur est plus famili\u00e8re. Les parents et les tuteurs ont le libre choix d'inscrire leurs enfants soit dans la Section anglaise, soit dans la Section fran\u00e7aise. Dans la Section anglaise, les enfants \u00e9tudient en anglais et apprennent un peu de fran\u00e7ais en tant que mati\u00e8re\u00a0; et dans la Section fran\u00e7aise, les enfants \u00e9tudient en fran\u00e7ais et apprennent un peu d'anglais en tant que mati\u00e8re.<\/p>\n<\/div>\n<\/section>\n<\/div><\/section><\/p><\/div><div class=\"flex_column av_one_fifth  flex_column_div av-zero-column-padding first\" style='border-radius:0px; '><\/div><\/div><\/div><\/div><!-- close content main div --><\/div><\/div><div id='after_section_3' class='main_color av_default_container_wrap container_wrap sidebar_right'   ><div class='container' ><div class='template-page content  av-content-small alpha units'><div class='post-entry post-entry-type-page post-entry-3586'><div class='entry-content-wrapper clearfix'><\/p>","protected":false},"excerpt":{"rendered":"<p>This is a Page excerpt. It will be displayed for search results<\/p>","protected":false},"author":1,"featured_media":0,"parent":0,"menu_order":0,"comment_status":"closed","ping_status":"closed","template":"","meta":{"footnotes":""},"class_list":["post-3586","page","type-page","status-publish","hentry"],"yoast_head":"<!-- This site is optimized with the Yoast SEO plugin v23.3 - https:\/\/yoast.com\/wordpress\/plugins\/seo\/ -->\n<title>About - Sunny Hills<\/title>\n<meta name=\"robots\" content=\"index, follow, max-snippet:-1, max-image-preview:large, max-video-preview:-1\" \/>\n<link rel=\"canonical\" href=\"https:\/\/sunnyhillsnursery.rw\/fr\/about\/\" \/>\n<meta property=\"og:locale\" content=\"fr_FR\" \/>\n<meta property=\"og:type\" content=\"article\" \/>\n<meta property=\"og:title\" content=\"About - Sunny Hills\" \/>\n<meta property=\"og:description\" content=\"This is a Page excerpt. It will be displayed for search results\" \/>\n<meta property=\"og:url\" content=\"https:\/\/sunnyhillsnursery.rw\/fr\/about\/\" \/>\n<meta property=\"og:site_name\" content=\"Sunny Hills\" \/>\n<meta property=\"article:publisher\" content=\"https:\/\/www.facebook.com\/share\/xuAspYD1eEds7xYa\/?mibextid=LQQJ4d\" \/>\n<meta property=\"article:modified_time\" content=\"2025-04-11T09:56:27+00:00\" \/>\n<meta name=\"twitter:card\" content=\"summary_large_image\" \/>\n<meta name=\"twitter:label1\" content=\"Dur\u00e9e de lecture estim\u00e9e\" \/>\n\t<meta name=\"twitter:data1\" content=\"6 minutes\" \/>\n<script type=\"application\/ld+json\" class=\"yoast-schema-graph\">{\"@context\":\"https:\/\/schema.org\",\"@graph\":[{\"@type\":\"WebPage\",\"@id\":\"https:\/\/sunnyhillsnursery.rw\/about\/\",\"url\":\"https:\/\/sunnyhillsnursery.rw\/about\/\",\"name\":\"About - Sunny Hills\",\"isPartOf\":{\"@id\":\"https:\/\/sunnyhillsnursery.rw\/#website\"},\"datePublished\":\"2024-04-26T07:23:54+00:00\",\"dateModified\":\"2025-04-11T09:56:27+00:00\",\"breadcrumb\":{\"@id\":\"https:\/\/sunnyhillsnursery.rw\/about\/#breadcrumb\"},\"inLanguage\":\"fr-FR\",\"potentialAction\":[{\"@type\":\"ReadAction\",\"target\":[\"https:\/\/sunnyhillsnursery.rw\/about\/\"]}]},{\"@type\":\"BreadcrumbList\",\"@id\":\"https:\/\/sunnyhillsnursery.rw\/about\/#breadcrumb\",\"itemListElement\":[{\"@type\":\"ListItem\",\"position\":1,\"name\":\"Home\",\"item\":\"https:\/\/sunnyhillsnursery.rw\/\"},{\"@type\":\"ListItem\",\"position\":2,\"name\":\"About\"}]},{\"@type\":\"WebSite\",\"@id\":\"https:\/\/sunnyhillsnursery.rw\/#website\",\"url\":\"https:\/\/sunnyhillsnursery.rw\/\",\"name\":\"Sunny Hills\",\"description\":\"Daycare &amp; Nursery\",\"publisher\":{\"@id\":\"https:\/\/sunnyhillsnursery.rw\/#organization\"},\"potentialAction\":[{\"@type\":\"SearchAction\",\"target\":{\"@type\":\"EntryPoint\",\"urlTemplate\":\"https:\/\/sunnyhillsnursery.rw\/?s={search_term_string}\"},\"query-input\":\"required name=search_term_string\"}],\"inLanguage\":\"fr-FR\"},{\"@type\":\"Organization\",\"@id\":\"https:\/\/sunnyhillsnursery.rw\/#organization\",\"name\":\"Sunny Hills\",\"url\":\"https:\/\/sunnyhillsnursery.rw\/\",\"logo\":{\"@type\":\"ImageObject\",\"inLanguage\":\"fr-FR\",\"@id\":\"https:\/\/sunnyhillsnursery.rw\/#\/schema\/logo\/image\/\",\"url\":\"https:\/\/sunnyhillsnursery.rw\/wp-content\/uploads\/2024\/08\/SH-300x300-1.png\",\"contentUrl\":\"https:\/\/sunnyhillsnursery.rw\/wp-content\/uploads\/2024\/08\/SH-300x300-1.png\",\"width\":300,\"height\":300,\"caption\":\"Sunny Hills\"},\"image\":{\"@id\":\"https:\/\/sunnyhillsnursery.rw\/#\/schema\/logo\/image\/\"},\"sameAs\":[\"https:\/\/www.facebook.com\/share\/xuAspYD1eEds7xYa\/?mibextid=LQQJ4d\",\"https:\/\/www.instagram.com\/sunny_hills_daycareandnursery\"]}]}<\/script>\n<!-- \/ Yoast SEO plugin. -->","yoast_head_json":{"title":"About - Sunny Hills","robots":{"index":"index","follow":"follow","max-snippet":"max-snippet:-1","max-image-preview":"max-image-preview:large","max-video-preview":"max-video-preview:-1"},"canonical":"https:\/\/sunnyhillsnursery.rw\/fr\/about\/","og_locale":"fr_FR","og_type":"article","og_title":"About - Sunny Hills","og_description":"This is a Page excerpt. It will be displayed for search results","og_url":"https:\/\/sunnyhillsnursery.rw\/fr\/about\/","og_site_name":"Sunny Hills","article_publisher":"https:\/\/www.facebook.com\/share\/xuAspYD1eEds7xYa\/?mibextid=LQQJ4d","article_modified_time":"2025-04-11T09:56:27+00:00","twitter_card":"summary_large_image","twitter_misc":{"Dur\u00e9e de lecture estim\u00e9e":"6 minutes"},"schema":{"@context":"https:\/\/schema.org","@graph":[{"@type":"WebPage","@id":"https:\/\/sunnyhillsnursery.rw\/about\/","url":"https:\/\/sunnyhillsnursery.rw\/about\/","name":"About - Sunny Hills","isPartOf":{"@id":"https:\/\/sunnyhillsnursery.rw\/#website"},"datePublished":"2024-04-26T07:23:54+00:00","dateModified":"2025-04-11T09:56:27+00:00","breadcrumb":{"@id":"https:\/\/sunnyhillsnursery.rw\/about\/#breadcrumb"},"inLanguage":"fr-FR","potentialAction":[{"@type":"ReadAction","target":["https:\/\/sunnyhillsnursery.rw\/about\/"]}]},{"@type":"BreadcrumbList","@id":"https:\/\/sunnyhillsnursery.rw\/about\/#breadcrumb","itemListElement":[{"@type":"ListItem","position":1,"name":"Home","item":"https:\/\/sunnyhillsnursery.rw\/"},{"@type":"ListItem","position":2,"name":"About"}]},{"@type":"WebSite","@id":"https:\/\/sunnyhillsnursery.rw\/#website","url":"https:\/\/sunnyhillsnursery.rw\/","name":"Sunny Hills","description":"Daycare &amp; Nursery","publisher":{"@id":"https:\/\/sunnyhillsnursery.rw\/#organization"},"potentialAction":[{"@type":"SearchAction","target":{"@type":"EntryPoint","urlTemplate":"https:\/\/sunnyhillsnursery.rw\/?s={search_term_string}"},"query-input":"required name=search_term_string"}],"inLanguage":"fr-FR"},{"@type":"Organization","@id":"https:\/\/sunnyhillsnursery.rw\/#organization","name":"Sunny Hills","url":"https:\/\/sunnyhillsnursery.rw\/","logo":{"@type":"ImageObject","inLanguage":"fr-FR","@id":"https:\/\/sunnyhillsnursery.rw\/#\/schema\/logo\/image\/","url":"https:\/\/sunnyhillsnursery.rw\/wp-content\/uploads\/2024\/08\/SH-300x300-1.png","contentUrl":"https:\/\/sunnyhillsnursery.rw\/wp-content\/uploads\/2024\/08\/SH-300x300-1.png","width":300,"height":300,"caption":"Sunny Hills"},"image":{"@id":"https:\/\/sunnyhillsnursery.rw\/#\/schema\/logo\/image\/"},"sameAs":["https:\/\/www.facebook.com\/share\/xuAspYD1eEds7xYa\/?mibextid=LQQJ4d","https:\/\/www.instagram.com\/sunny_hills_daycareandnursery"]}]}},"_links":{"self":[{"href":"https:\/\/sunnyhillsnursery.rw\/fr\/wp-json\/wp\/v2\/pages\/3586"}],"collection":[{"href":"https:\/\/sunnyhillsnursery.rw\/fr\/wp-json\/wp\/v2\/pages"}],"about":[{"href":"https:\/\/sunnyhillsnursery.rw\/fr\/wp-json\/wp\/v2\/types\/page"}],"author":[{"embeddable":true,"href":"https:\/\/sunnyhillsnursery.rw\/fr\/wp-json\/wp\/v2\/users\/1"}],"replies":[{"embeddable":true,"href":"https:\/\/sunnyhillsnursery.rw\/fr\/wp-json\/wp\/v2\/comments?post=3586"}],"version-history":[{"count":14,"href":"https:\/\/sunnyhillsnursery.rw\/fr\/wp-json\/wp\/v2\/pages\/3586\/revisions"}],"predecessor-version":[{"id":3820,"href":"https:\/\/sunnyhillsnursery.rw\/fr\/wp-json\/wp\/v2\/pages\/3586\/revisions\/3820"}],"wp:attachment":[{"href":"https:\/\/sunnyhillsnursery.rw\/fr\/wp-json\/wp\/v2\/media?parent=3586"}],"curies":[{"name":"wp","href":"https:\/\/api.w.org\/{rel}","templated":true}]}}