{"id":3610,"date":"2024-04-26T09:54:45","date_gmt":"2024-04-26T09:54:45","guid":{"rendered":"https:\/\/sunnyhillsnursery.rw\/?page_id=3610"},"modified":"2025-03-23T12:41:35","modified_gmt":"2025-03-23T12:41:35","slug":"tuition","status":"publish","type":"page","link":"https:\/\/sunnyhillsnursery.rw\/fr\/tuition\/","title":{"rendered":"Frais de Scolarit\u00e9"},"content":{"rendered":"<div id='layer_slider_1' class='avia-layerslider main_color avia-shadow  container_wrap sidebar_right'    style='height: 251px;' ><\/div>\n<\/div><\/div><\/div><!-- close content main div --><\/div><\/div><div id='tuition' class='avia-section main_color avia-section-huge avia-no-border-styling avia-bg-style-scroll   container_wrap sidebar_right' style = 'background-repeat: no-repeat; background-image: url(https:\/\/sunnyhillsnursery.rw\/wp-content\/uploads\/2024\/04\/18.jpg);background-attachment: scroll; background-position: top left; ' data-section-bg-repeat='no-repeat' ><div class='container' ><div class='template-page content  av-content-small alpha units'><div class='post-entry post-entry-type-page post-entry-3610'><div class='entry-content-wrapper clearfix'>\n<div class=\"flex_column av_two_third  flex_column_div av-zero-column-padding first\" style='border-radius:0px; '><div class='avia-data-table-wrap avia_responsive_table'><table class='avia-table avia-data-table avia-table-1  avia_pricing_minimal'  itemscope=\"itemscope\" itemtype=\"https:\/\/schema.org\/Table\" ><tbody><tr class='avia-heading-row'><th class=''> Frais de scolarit\u00e9 par Trimestre<\/th><th class=''>Frais d\u2019Inscription <\/th><th class=''>D\u00e9jeuner\/mois<\/th><th class=''>Extra School Programme \/Month<\/th><th class=''>Drop-in care program \/Day<\/th><\/tr><tr class='avia-pricing-row'><td class=''>650,000RWF<\/td><td class=''>65,000RWF<\/td><td class=''>220,000 RWF <\/td><td class=''>20,000RWF<\/td><td class=''>15,000RWF<\/td><\/tr><\/tbody><\/table><\/div><style type='text\/css'>.avia-table-1 td:nth-of-type(1):before { content: ' Tuition per term ( lunch included)'; } .avia-table-1 td:nth-of-type(2):before { content: 'Registration fees paid once '; } .avia-table-1 td:nth-of-type(3):before { content: 'Day care per month (lunch included)'; } .avia-table-1 td:nth-of-type(4):before { content: 'Extra School Programme \/Month'; } .avia-table-1 td:nth-of-type(5):before { content: 'Drop-in care program \/Day'; } <\/style><\/div><div class=\"flex_column av_one_third  flex_column_div av-zero-column-padding\" style='border-radius:0px; '><div id='avia-messagebox-' class='avia_message_box  avia-color-red avia-size-large avia-icon_select-yes avia-border-'><span class='avia_message_box_title' >Nos promotions<\/span><div class='avia_message_box_content' ><span class='avia_message_box_icon' aria-hidden='true' data-av_icon='\ue806' data-av_iconfont='entypo-fontello'><\/span><p>Les fr\u00e8res et s\u0153urs b\u00e9n\u00e9ficient de 10 % de r\u00e9duction.<\/p>\n<\/div><\/div><\/div><\/div><\/div><\/div><!-- close content main div --><\/div><\/div><div id='after_section_1' class='main_color av_default_container_wrap container_wrap sidebar_right'   ><div class='container' ><div class='template-page content  av-content-small alpha units'><div class='post-entry post-entry-type-page post-entry-3610'><div class='entry-content-wrapper clearfix'>","protected":false},"excerpt":{"rendered":"<p>This is a Page excerpt. It will be displayed for search results<\/p>","protected":false},"author":1,"featured_media":0,"parent":0,"menu_order":0,"comment_status":"closed","ping_status":"closed","template":"","meta":{"footnotes":""},"class_list":["post-3610","page","type-page","status-publish","hentry"],"yoast_head":"<!-- This site is optimized with the Yoast SEO plugin v23.3 - https:\/\/yoast.com\/wordpress\/plugins\/seo\/ -->\n<title>Tuition - Sunny Hills<\/title>\n<meta name=\"robots\" content=\"index, follow, max-snippet:-1, max-image-preview:large, max-video-preview:-1\" \/>\n<link rel=\"canonical\" href=\"https:\/\/sunnyhillsnursery.rw\/fr\/tuition\/\" \/>\n<meta property=\"og:locale\" content=\"fr_FR\" \/>\n<meta property=\"og:type\" content=\"article\" \/>\n<meta property=\"og:title\" content=\"Tuition - Sunny Hills\" \/>\n<meta property=\"og:description\" content=\"This is a Page excerpt. It will be displayed for search results\" \/>\n<meta property=\"og:url\" content=\"https:\/\/sunnyhillsnursery.rw\/fr\/tuition\/\" \/>\n<meta property=\"og:site_name\" content=\"Sunny Hills\" \/>\n<meta property=\"article:publisher\" content=\"https:\/\/www.facebook.com\/share\/xuAspYD1eEds7xYa\/?mibextid=LQQJ4d\" \/>\n<meta property=\"article:modified_time\" content=\"2025-03-23T12:41:35+00:00\" \/>\n<meta name=\"twitter:card\" content=\"summary_large_image\" \/>\n<meta name=\"twitter:label1\" content=\"Dur\u00e9e de lecture estim\u00e9e\" \/>\n\t<meta name=\"twitter:data1\" content=\"1 minute\" \/>\n<script type=\"application\/ld+json\" class=\"yoast-schema-graph\">{\"@context\":\"https:\/\/schema.org\",\"@graph\":[{\"@type\":\"WebPage\",\"@id\":\"https:\/\/sunnyhillsnursery.rw\/tuition\/\",\"url\":\"https:\/\/sunnyhillsnursery.rw\/tuition\/\",\"name\":\"Tuition - Sunny Hills\",\"isPartOf\":{\"@id\":\"https:\/\/sunnyhillsnursery.rw\/#website\"},\"datePublished\":\"2024-04-26T09:54:45+00:00\",\"dateModified\":\"2025-03-23T12:41:35+00:00\",\"breadcrumb\":{\"@id\":\"https:\/\/sunnyhillsnursery.rw\/tuition\/#breadcrumb\"},\"inLanguage\":\"fr-FR\",\"potentialAction\":[{\"@type\":\"ReadAction\",\"target\":[\"https:\/\/sunnyhillsnursery.rw\/tuition\/\"]}]},{\"@type\":\"BreadcrumbList\",\"@id\":\"https:\/\/sunnyhillsnursery.rw\/tuition\/#breadcrumb\",\"itemListElement\":[{\"@type\":\"ListItem\",\"position\":1,\"name\":\"Home\",\"item\":\"https:\/\/sunnyhillsnursery.rw\/\"},{\"@type\":\"ListItem\",\"position\":2,\"name\":\"Tuition\"}]},{\"@type\":\"WebSite\",\"@id\":\"https:\/\/sunnyhillsnursery.rw\/#website\",\"url\":\"https:\/\/sunnyhillsnursery.rw\/\",\"name\":\"Sunny Hills\",\"description\":\"Daycare &amp; Nursery\",\"publisher\":{\"@id\":\"https:\/\/sunnyhillsnursery.rw\/#organization\"},\"potentialAction\":[{\"@type\":\"SearchAction\",\"target\":{\"@type\":\"EntryPoint\",\"urlTemplate\":\"https:\/\/sunnyhillsnursery.rw\/?s={search_term_string}\"},\"query-input\":\"required name=search_term_string\"}],\"inLanguage\":\"fr-FR\"},{\"@type\":\"Organization\",\"@id\":\"https:\/\/sunnyhillsnursery.rw\/#organization\",\"name\":\"Sunny Hills\",\"url\":\"https:\/\/sunnyhillsnursery.rw\/\",\"logo\":{\"@type\":\"ImageObject\",\"inLanguage\":\"fr-FR\",\"@id\":\"https:\/\/sunnyhillsnursery.rw\/#\/schema\/logo\/image\/\",\"url\":\"https:\/\/sunnyhillsnursery.rw\/wp-content\/uploads\/2024\/08\/SH-300x300-1.png\",\"contentUrl\":\"https:\/\/sunnyhillsnursery.rw\/wp-content\/uploads\/2024\/08\/SH-300x300-1.png\",\"width\":300,\"height\":300,\"caption\":\"Sunny Hills\"},\"image\":{\"@id\":\"https:\/\/sunnyhillsnursery.rw\/#\/schema\/logo\/image\/\"},\"sameAs\":[\"https:\/\/www.facebook.com\/share\/xuAspYD1eEds7xYa\/?mibextid=LQQJ4d\",\"https:\/\/www.instagram.com\/sunny_hills_daycareandnursery\"]}]}<\/script>\n<!-- \/ Yoast SEO plugin. -->","yoast_head_json":{"title":"Tuition - Sunny Hills","robots":{"index":"index","follow":"follow","max-snippet":"max-snippet:-1","max-image-preview":"max-image-preview:large","max-video-preview":"max-video-preview:-1"},"canonical":"https:\/\/sunnyhillsnursery.rw\/fr\/tuition\/","og_locale":"fr_FR","og_type":"article","og_title":"Tuition - Sunny Hills","og_description":"This is a Page excerpt. It will be displayed for search results","og_url":"https:\/\/sunnyhillsnursery.rw\/fr\/tuition\/","og_site_name":"Sunny Hills","article_publisher":"https:\/\/www.facebook.com\/share\/xuAspYD1eEds7xYa\/?mibextid=LQQJ4d","article_modified_time":"2025-03-23T12:41:35+00:00","twitter_card":"summary_large_image","twitter_misc":{"Dur\u00e9e de lecture estim\u00e9e":"1 minute"},"schema":{"@context":"https:\/\/schema.org","@graph":[{"@type":"WebPage","@id":"https:\/\/sunnyhillsnursery.rw\/tuition\/","url":"https:\/\/sunnyhillsnursery.rw\/tuition\/","name":"Tuition - Sunny Hills","isPartOf":{"@id":"https:\/\/sunnyhillsnursery.rw\/#website"},"datePublished":"2024-04-26T09:54:45+00:00","dateModified":"2025-03-23T12:41:35+00:00","breadcrumb":{"@id":"https:\/\/sunnyhillsnursery.rw\/tuition\/#breadcrumb"},"inLanguage":"fr-FR","potentialAction":[{"@type":"ReadAction","target":["https:\/\/sunnyhillsnursery.rw\/tuition\/"]}]},{"@type":"BreadcrumbList","@id":"https:\/\/sunnyhillsnursery.rw\/tuition\/#breadcrumb","itemListElement":[{"@type":"ListItem","position":1,"name":"Home","item":"https:\/\/sunnyhillsnursery.rw\/"},{"@type":"ListItem","position":2,"name":"Tuition"}]},{"@type":"WebSite","@id":"https:\/\/sunnyhillsnursery.rw\/#website","url":"https:\/\/sunnyhillsnursery.rw\/","name":"Sunny Hills","description":"Daycare &amp; Nursery","publisher":{"@id":"https:\/\/sunnyhillsnursery.rw\/#organization"},"potentialAction":[{"@type":"SearchAction","target":{"@type":"EntryPoint","urlTemplate":"https:\/\/sunnyhillsnursery.rw\/?s={search_term_string}"},"query-input":"required name=search_term_string"}],"inLanguage":"fr-FR"},{"@type":"Organization","@id":"https:\/\/sunnyhillsnursery.rw\/#organization","name":"Sunny Hills","url":"https:\/\/sunnyhillsnursery.rw\/","logo":{"@type":"ImageObject","inLanguage":"fr-FR","@id":"https:\/\/sunnyhillsnursery.rw\/#\/schema\/logo\/image\/","url":"https:\/\/sunnyhillsnursery.rw\/wp-content\/uploads\/2024\/08\/SH-300x300-1.png","contentUrl":"https:\/\/sunnyhillsnursery.rw\/wp-content\/uploads\/2024\/08\/SH-300x300-1.png","width":300,"height":300,"caption":"Sunny Hills"},"image":{"@id":"https:\/\/sunnyhillsnursery.rw\/#\/schema\/logo\/image\/"},"sameAs":["https:\/\/www.facebook.com\/share\/xuAspYD1eEds7xYa\/?mibextid=LQQJ4d","https:\/\/www.instagram.com\/sunny_hills_daycareandnursery"]}]}},"_links":{"self":[{"href":"https:\/\/sunnyhillsnursery.rw\/fr\/wp-json\/wp\/v2\/pages\/3610"}],"collection":[{"href":"https:\/\/sunnyhillsnursery.rw\/fr\/wp-json\/wp\/v2\/pages"}],"about":[{"href":"https:\/\/sunnyhillsnursery.rw\/fr\/wp-json\/wp\/v2\/types\/page"}],"author":[{"embeddable":true,"href":"https:\/\/sunnyhillsnursery.rw\/fr\/wp-json\/wp\/v2\/users\/1"}],"replies":[{"embeddable":true,"href":"https:\/\/sunnyhillsnursery.rw\/fr\/wp-json\/wp\/v2\/comments?post=3610"}],"version-history":[{"count":26,"href":"https:\/\/sunnyhillsnursery.rw\/fr\/wp-json\/wp\/v2\/pages\/3610\/revisions"}],"predecessor-version":[{"id":3815,"href":"https:\/\/sunnyhillsnursery.rw\/fr\/wp-json\/wp\/v2\/pages\/3610\/revisions\/3815"}],"wp:attachment":[{"href":"https:\/\/sunnyhillsnursery.rw\/fr\/wp-json\/wp\/v2\/media?parent=3610"}],"curies":[{"name":"wp","href":"https:\/\/api.w.org\/{rel}","templated":true}]}}